{"id":866,"date":"2024-01-27T18:41:54","date_gmt":"2024-01-27T18:41:54","guid":{"rendered":"https:\/\/bobea.net\/?page_id=866"},"modified":"2025-03-08T07:46:20","modified_gmt":"2025-03-08T07:46:20","slug":"a-propos","status":"publish","type":"page","link":"https:\/\/bobea.net\/index.php\/a-propos\/","title":{"rendered":"A PROPOS"},"content":{"rendered":"\n<p>Bobea est le jour\u00adnal de la nou\u00advelle Eve, la femme mod\u00aderne, libre et fi\u00e8re de ses capac\u00adit\u00e9s. Nous nous adres\u00adsons \u00e0 des femmes de tous hori\u00adzons qui con\u00adcilient avec brio leurs r\u00f4les de m\u00e8re, de pro\u00adfes\u00adsion\u00adnelle et de citoyenne engag\u00e9e. Notre mis\u00adsion est de pro\u00admou\u00advoir un monde \u00e9quitable, sans vio\u00adlence ni sec\u00adtarisme, o\u00f9 pro\u00adgr\u00e8s et parte\u00adnar\u00adi\u00adat sont les ma\u00eetres mots.<\/p>\n\n\n\n<h2 class=\"wp-block-heading\">Pourquoi nous suivre ?<\/h2>\n\n\n\n<p>Nous sommes les mes\u00adsag\u00e8res d\u2019un nou\u00adveau par\u00ada\u00addigme f\u00e9minin :<\/p>\n\n\n\n<ul class=\"wp-block-list\">\n<li>Nous vous appor\u00adtons quo\u00adti\u00addi\u00aden\u00adnement les derni\u00e8res nou\u00advelles et ten\u00addances qui fa\u00e7on\u00adnent la vie des femmes mod\u00adernes.<\/li>\n\n\n\n<li>Nous met\u00adtons en valeur les r\u00e9al\u00adi\u00adsa\u00adtions f\u00e9minines tout en d\u00e9non\u00e7ant les obsta\u00adcles qui entra\u00advent l\u2019\u00e9panouissement des femmes \u00e0 tra\u00advers le monde.<\/li>\n\n\n\n<li>Nous por\u00adtons un regard cri\u00adtique sur les ten\u00addances qui d\u00e9val\u00adorisent les femmes, les r\u00e9duisant \u00e0 un objet sans valeur.<\/li>\n<\/ul>\n\n\n\n<h2 class=\"wp-block-heading\">Comment nous suivre ?<\/h2>\n\n\n\n<p>Plusieurs options s\u2019of\u00adfrent \u00e0 vous :<\/p>\n\n\n\n<ul class=\"wp-block-list\">\n<li>Vis\u00aditez r\u00e9guli\u00e8re\u00adment notre site pour con\u00adsul\u00adter nos rubriques cl\u00e9s, toutes acces\u00adsi\u00adbles gra\u00adtu\u00adite\u00adment.<\/li>\n\n\n\n<li>Abon\u00adnez-vous \u00e0 notre newslet\u00adter per\u00adson\u00adnal\u00adis\u00e9e.<\/li>\n\n\n\n<li>Suiv\u00adez-nous sur vos r\u00e9seaux soci\u00adaux pr\u00e9f\u00e9r\u00e9s : Insta\u00adgram, You Tube, LinkedIn, Face\u00adbook, Tik\u00adTok, etc.<\/li>\n\n\n\n<li>Cr\u00e9ez votre Espace Per\u00adson\u00adnel pour recevoir des offres s\u00e9lec\u00adtion\u00adn\u00e9es et nos bons plans.<\/li>\n\n\n\n<li>Nos valeurs fon\u00adda\u00adtri\u00adces.<\/li>\n<\/ul>\n\n\n\n<h2 class=\"wp-block-heading\">On d\u00e9fend les femmes ?<\/h2>\n\n\n\n<ul class=\"wp-block-list\">\n<li>Ambi\u00adtion et lib\u00adert\u00e9 des femmes<\/li>\n\n\n\n<li>\u00c9quili\u00adbre tra\u00advail-vie per\u00adson\u00adnelle<\/li>\n\n\n\n<li>Lead\u00ader\u00adship f\u00e9minin<\/li>\n\n\n\n<li>Partager des exp\u00e9ri\u00adences, des r\u00eaves et des pas\u00adsions<\/li>\n\n\n\n<li>Si vous partagez nos valeurs, bien\u00adv\u00adenue \u00e0 la Mai\u00adson Bobea.<\/li>\n<\/ul>\n\n\n\n<h2 class=\"wp-block-heading\">Beaut\u00e9 et mode<\/h2>\n\n\n\n<figure class=\"wp-block-image\"><img decoding=\"async\" src=\"https:\/\/bobea.net\/wp-content\/uploads\/2024\/08\/WhatsApp-Image-2024-08-27-at-06.54.04_59d7020b-724x1024.jpg\" alt><\/figure>\n\n\n\n<figure class=\"wp-block-image\"><img decoding=\"async\" src=\"https:\/\/bobea.net\/wp-content\/uploads\/2024\/08\/WhatsApp-Image-2024-08-27-at-07.26.34_f2ff23c3-768x1024.jpg\" alt><\/figure>\n\n\n\n<figure class=\"wp-block-image\"><img decoding=\"async\" src=\"https:\/\/bobea.net\/wp-content\/uploads\/2024\/08\/WhatsApp-Image-2024-08-27-at-07.24.16_f84f74f8-768x1024.jpg\" alt><\/figure>\n\n\n\n<figure class=\"wp-block-image\"><img decoding=\"async\" src=\"https:\/\/bobea.net\/wp-content\/uploads\/2024\/08\/WhatsApp-Image-2024-08-27-at-06.55.25_977f8314-724x1024.jpg\" alt><\/figure>\n\n\n\n<p><br><br><br><\/p>\n\n\n\n<h2 class=\"wp-block-heading\">Mentions l\u00e9gales<\/h2>\n\n\n\n<p><em>Pub\u00adli\u00e9 par Gavaris Glob\u00adal Medias<br>Si\u00e8ge social : 60 avenue G\u00e9n\u00e9ral De Gaulle, 92200 Neuil\u00adly-sur-Seine, France<br>Cour\u00adriel&nbsp;: bobeanews@gmail.com<br>Ser\u00advice de presse en ligne de la Com\u00admis\u00adsion mixte&nbsp;: en cours<br>Directeur de pub\u00adli\u00adca\u00adtion : Ali Famia<br>Direc\u00adtrice \u00e9di\u00adto\u00adri\u00adale Europe : Mme Anne Legris. Direc\u00adtrice \u00e9di\u00adto\u00adri\u00adale Am\u00e9riques : Mme Calot\u00adta Pam\u00adpa. Direc\u00adtrice \u00e9di\u00adto\u00adri\u00adale Afrique : Mme Ada Val\u00e8re Direc\u00adtrice \u00e9di\u00adto\u00adri\u00adale Asie Paci\u00adfique : Mme Don\u00adna Pal\u00adli\u00e9<br>H\u00e9berge\u00adment : LWS, France<br>LWS (Light Web Ser\u00advices) SAS au cap\u00adi\u00adtal de 500 000 Euros<br>Adresse : 10 Rue de Penthi\u00e8vre, 75008 Paris, France<br>Horaires : Ouvert du lun\u00addi au ven\u00addre\u00addi de 9h \u00e0 19h<br>Respon\u00ads\u00adabil\u00adit\u00e9 de l\u2019\u00e9di\u00adteur Gavaris Glob\u00adal Medias s\u2019ef\u00adforce d\u2019as\u00adsur\u00ader l\u2019ex\u00adac\u00adti\u00adtude des infor\u00adma\u00adtions pub\u00adli\u00e9es sur le site, sans garantie. Les infor\u00adma\u00adtions sont fournies \u00e0 titre infor\u00admatif unique\u00adment. Gavaris ne peut \u00eatre tenu respon\u00ads\u00adable de l\u2019u\u00adtil\u00adi\u00adsa\u00adtion faite de ces infor\u00adma\u00adtions.<br>Pro\u00adpri\u00e9t\u00e9 intel\u00adlectuelle Le con\u00adtenu du site est pro\u00adt\u00e9g\u00e9 par le droit d\u2019au\u00adteur. Toute repro\u00adduc\u00adtion sans autori\u00adsa\u00adtion est inter\u00addite et con\u00adstitue une con\u00adtre\u00adfa\u00e7on pas\u00adsi\u00adble de sanc\u00adtions p\u00e9nales.<br>Liens hyper\u00adtextes Gavaris Glob\u00adal Medias d\u00e9cline toute respon\u00ads\u00adabil\u00adit\u00e9 con\u00adcer\u00adnant le con\u00adtenu des sites externes li\u00e9s.<br>Pro\u00adtec\u00adtion des don\u00adn\u00e9es per\u00adson\u00adnelles Nous nous enga\u00adgeons \u00e0 pro\u00adt\u00e9ger vos don\u00adn\u00e9es per\u00adson\u00adnelles con\u00adfor\u00adm\u00e9\u00adment au RGPD. Pour plus d\u2019informations, con\u00adsul\u00adtez notre poli\u00adtique de con\u00adfi\u00adden\u00adtial\u00adit\u00e9.<\/em><\/p>\n","protected":false},"excerpt":{"rendered":"<p>Bobea est le jour\u00adnal de la nou\u00advelle Eve, la femme mod\u00aderne, libre et fi\u00e8re de ses capac\u00adit\u00e9s. Nous nous adres\u00adsons \u00e0 des femmes de tous hori\u00adzons qui con\u00adcilient avec brio\u2026 <\/p>\n","protected":false},"author":1,"featured_media":0,"parent":0,"menu_order":0,"comment_status":"closed","ping_status":"closed","template":"","meta":{"wp_typography_post_enhancements_disabled":false,"footnotes":""},"class_list":["post-866","page","type-page","status-publish","hentry"],"yoast_head":"<!-- This site is optimized with the Yoast SEO plugin v24.7 - https:\/\/yoast.com\/wordpress\/plugins\/seo\/ -->\n<title>A PROPOS - Bobea<\/title>\n<meta name=\"robots\" content=\"index, follow, max-snippet:-1, max-image-preview:large, max-video-preview:-1\" \/>\n<link rel=\"canonical\" href=\"https:\/\/bobea.net\/index.php\/a-propos\/\" \/>\n<meta property=\"og:locale\" content=\"fr_FR\" \/>\n<meta property=\"og:type\" content=\"article\" \/>\n<meta property=\"og:title\" content=\"A PROPOS - Bobea\" \/>\n<meta property=\"og:description\" content=\"Bobea est le jour\u00adnal de la nou\u00advelle Eve, la femme mod\u00aderne, libre et fi\u00e8re de ses capac\u00adit\u00e9s. Nous nous adres\u00adsons \u00e0 des femmes de tous hori\u00adzons qui con\u00adcilient avec brio&hellip;\" \/>\n<meta property=\"og:url\" content=\"https:\/\/bobea.net\/index.php\/a-propos\/\" \/>\n<meta property=\"og:site_name\" content=\"Bobea\" \/>\n<meta property=\"article:publisher\" content=\"https:\/\/web.facebook.com\/profile.php?id=61559252188416\" \/>\n<meta property=\"article:modified_time\" content=\"2025-03-08T07:46:20+00:00\" \/>\n<meta property=\"og:image\" content=\"https:\/\/bobea.net\/wp-content\/uploads\/2024\/08\/WhatsApp-Image-2024-08-27-at-06.54.04_59d7020b-724x1024.jpg\" \/>\n<meta name=\"twitter:card\" content=\"summary_large_image\" \/>\n<meta name=\"twitter:label1\" content=\"Dur\u00e9e de lecture estim\u00e9e\" \/>\n\t<meta name=\"twitter:data1\" content=\"3 minutes\" \/>\n<script type=\"application\/ld+json\" class=\"yoast-schema-graph\">{\"@context\":\"https:\/\/schema.org\",\"@graph\":[{\"@type\":\"WebPage\",\"@id\":\"https:\/\/bobea.net\/index.php\/a-propos\/\",\"url\":\"https:\/\/bobea.net\/index.php\/a-propos\/\",\"name\":\"A PROPOS - Bobea\",\"isPartOf\":{\"@id\":\"https:\/\/bobea.net\/#website\"},\"primaryImageOfPage\":{\"@id\":\"https:\/\/bobea.net\/index.php\/a-propos\/#primaryimage\"},\"image\":{\"@id\":\"https:\/\/bobea.net\/index.php\/a-propos\/#primaryimage\"},\"thumbnailUrl\":\"https:\/\/bobea.net\/wp-content\/uploads\/2024\/08\/WhatsApp-Image-2024-08-27-at-06.54.04_59d7020b-724x1024.jpg\",\"datePublished\":\"2024-01-27T18:41:54+00:00\",\"dateModified\":\"2025-03-08T07:46:20+00:00\",\"breadcrumb\":{\"@id\":\"https:\/\/bobea.net\/index.php\/a-propos\/#breadcrumb\"},\"inLanguage\":\"fr-FR\",\"potentialAction\":[{\"@type\":\"ReadAction\",\"target\":[\"https:\/\/bobea.net\/index.php\/a-propos\/\"]}]},{\"@type\":\"ImageObject\",\"inLanguage\":\"fr-FR\",\"@id\":\"https:\/\/bobea.net\/index.php\/a-propos\/#primaryimage\",\"url\":\"https:\/\/bobea.net\/wp-content\/uploads\/2024\/08\/WhatsApp-Image-2024-08-27-at-06.54.04_59d7020b.jpg\",\"contentUrl\":\"https:\/\/bobea.net\/wp-content\/uploads\/2024\/08\/WhatsApp-Image-2024-08-27-at-06.54.04_59d7020b.jpg\",\"width\":1414,\"height\":2000},{\"@type\":\"BreadcrumbList\",\"@id\":\"https:\/\/bobea.net\/index.php\/a-propos\/#breadcrumb\",\"itemListElement\":[{\"@type\":\"ListItem\",\"position\":1,\"name\":\"Accueil\",\"item\":\"https:\/\/bobea.net\/\"},{\"@type\":\"ListItem\",\"position\":2,\"name\":\"A PROPOS\"}]},{\"@type\":\"WebSite\",\"@id\":\"https:\/\/bobea.net\/#website\",\"url\":\"https:\/\/bobea.net\/\",\"name\":\"Bobea\",\"description\":\"Le magazine de la nouvelle \u00c8ve\",\"publisher\":{\"@id\":\"https:\/\/bobea.net\/#organization\"},\"potentialAction\":[{\"@type\":\"SearchAction\",\"target\":{\"@type\":\"EntryPoint\",\"urlTemplate\":\"https:\/\/bobea.net\/?s={search_term_string}\"},\"query-input\":{\"@type\":\"PropertyValueSpecification\",\"valueRequired\":true,\"valueName\":\"search_term_string\"}}],\"inLanguage\":\"fr-FR\"},{\"@type\":\"Organization\",\"@id\":\"https:\/\/bobea.net\/#organization\",\"name\":\"Bobea\",\"url\":\"https:\/\/bobea.net\/\",\"logo\":{\"@type\":\"ImageObject\",\"inLanguage\":\"fr-FR\",\"@id\":\"https:\/\/bobea.net\/#\/schema\/logo\/image\/\",\"url\":\"https:\/\/bobea.net\/wp-content\/uploads\/2024\/06\/bobea.jpg\",\"contentUrl\":\"https:\/\/bobea.net\/wp-content\/uploads\/2024\/06\/bobea.jpg\",\"width\":1080,\"height\":1080,\"caption\":\"Bobea\"},\"image\":{\"@id\":\"https:\/\/bobea.net\/#\/schema\/logo\/image\/\"},\"sameAs\":[\"https:\/\/web.facebook.com\/profile.php?id=61559252188416\"]}]}<\/script>\n<!-- \/ Yoast SEO plugin. -->","yoast_head_json":{"title":"A PROPOS - Bobea","robots":{"index":"index","follow":"follow","max-snippet":"max-snippet:-1","max-image-preview":"max-image-preview:large","max-video-preview":"max-video-preview:-1"},"canonical":"https:\/\/bobea.net\/index.php\/a-propos\/","og_locale":"fr_FR","og_type":"article","og_title":"A PROPOS - Bobea","og_description":"Bobea est le jour\u00adnal de la nou\u00advelle Eve, la femme mod\u00aderne, libre et fi\u00e8re de ses capac\u00adit\u00e9s. Nous nous adres\u00adsons \u00e0 des femmes de tous hori\u00adzons qui con\u00adcilient avec brio&hellip;","og_url":"https:\/\/bobea.net\/index.php\/a-propos\/","og_site_name":"Bobea","article_publisher":"https:\/\/web.facebook.com\/profile.php?id=61559252188416","article_modified_time":"2025-03-08T07:46:20+00:00","og_image":[{"url":"https:\/\/bobea.net\/wp-content\/uploads\/2024\/08\/WhatsApp-Image-2024-08-27-at-06.54.04_59d7020b-724x1024.jpg","type":"","width":"","height":""}],"twitter_card":"summary_large_image","twitter_misc":{"Dur\u00e9e de lecture estim\u00e9e":"3 minutes"},"schema":{"@context":"https:\/\/schema.org","@graph":[{"@type":"WebPage","@id":"https:\/\/bobea.net\/index.php\/a-propos\/","url":"https:\/\/bobea.net\/index.php\/a-propos\/","name":"A PROPOS - Bobea","isPartOf":{"@id":"https:\/\/bobea.net\/#website"},"primaryImageOfPage":{"@id":"https:\/\/bobea.net\/index.php\/a-propos\/#primaryimage"},"image":{"@id":"https:\/\/bobea.net\/index.php\/a-propos\/#primaryimage"},"thumbnailUrl":"https:\/\/bobea.net\/wp-content\/uploads\/2024\/08\/WhatsApp-Image-2024-08-27-at-06.54.04_59d7020b-724x1024.jpg","datePublished":"2024-01-27T18:41:54+00:00","dateModified":"2025-03-08T07:46:20+00:00","breadcrumb":{"@id":"https:\/\/bobea.net\/index.php\/a-propos\/#breadcrumb"},"inLanguage":"fr-FR","potentialAction":[{"@type":"ReadAction","target":["https:\/\/bobea.net\/index.php\/a-propos\/"]}]},{"@type":"ImageObject","inLanguage":"fr-FR","@id":"https:\/\/bobea.net\/index.php\/a-propos\/#primaryimage","url":"https:\/\/bobea.net\/wp-content\/uploads\/2024\/08\/WhatsApp-Image-2024-08-27-at-06.54.04_59d7020b.jpg","contentUrl":"https:\/\/bobea.net\/wp-content\/uploads\/2024\/08\/WhatsApp-Image-2024-08-27-at-06.54.04_59d7020b.jpg","width":1414,"height":2000},{"@type":"BreadcrumbList","@id":"https:\/\/bobea.net\/index.php\/a-propos\/#breadcrumb","itemListElement":[{"@type":"ListItem","position":1,"name":"Accueil","item":"https:\/\/bobea.net\/"},{"@type":"ListItem","position":2,"name":"A PROPOS"}]},{"@type":"WebSite","@id":"https:\/\/bobea.net\/#website","url":"https:\/\/bobea.net\/","name":"Bobea","description":"Le magazine de la nouvelle \u00c8ve","publisher":{"@id":"https:\/\/bobea.net\/#organization"},"potentialAction":[{"@type":"SearchAction","target":{"@type":"EntryPoint","urlTemplate":"https:\/\/bobea.net\/?s={search_term_string}"},"query-input":{"@type":"PropertyValueSpecification","valueRequired":true,"valueName":"search_term_string"}}],"inLanguage":"fr-FR"},{"@type":"Organization","@id":"https:\/\/bobea.net\/#organization","name":"Bobea","url":"https:\/\/bobea.net\/","logo":{"@type":"ImageObject","inLanguage":"fr-FR","@id":"https:\/\/bobea.net\/#\/schema\/logo\/image\/","url":"https:\/\/bobea.net\/wp-content\/uploads\/2024\/06\/bobea.jpg","contentUrl":"https:\/\/bobea.net\/wp-content\/uploads\/2024\/06\/bobea.jpg","width":1080,"height":1080,"caption":"Bobea"},"image":{"@id":"https:\/\/bobea.net\/#\/schema\/logo\/image\/"},"sameAs":["https:\/\/web.facebook.com\/profile.php?id=61559252188416"]}]}},"_links":{"self":[{"href":"https:\/\/bobea.net\/index.php\/wp-json\/wp\/v2\/pages\/866"}],"collection":[{"href":"https:\/\/bobea.net\/index.php\/wp-json\/wp\/v2\/pages"}],"about":[{"href":"https:\/\/bobea.net\/index.php\/wp-json\/wp\/v2\/types\/page"}],"author":[{"embeddable":true,"href":"https:\/\/bobea.net\/index.php\/wp-json\/wp\/v2\/users\/1"}],"replies":[{"embeddable":true,"href":"https:\/\/bobea.net\/index.php\/wp-json\/wp\/v2\/comments?post=866"}],"version-history":[{"count":7,"href":"https:\/\/bobea.net\/index.php\/wp-json\/wp\/v2\/pages\/866\/revisions"}],"predecessor-version":[{"id":10936,"href":"https:\/\/bobea.net\/index.php\/wp-json\/wp\/v2\/pages\/866\/revisions\/10936"}],"wp:attachment":[{"href":"https:\/\/bobea.net\/index.php\/wp-json\/wp\/v2\/media?parent=866"}],"curies":[{"name":"wp","href":"https:\/\/api.w.org\/{rel}","templated":true}]}}