{"id":3401,"date":"2024-07-15T21:00:09","date_gmt":"2024-07-15T21:00:09","guid":{"rendered":"https:\/\/bobea.net\/?page_id=3401"},"modified":"2024-07-15T21:00:10","modified_gmt":"2024-07-15T21:00:10","slug":"couples-2","status":"publish","type":"page","link":"https:\/\/bobea.net\/index.php\/couples-2\/","title":{"rendered":"Couples"},"content":{"rendered":"\n<p class=\"has-medium-font-size\"><strong>Une aven\u00adture riche \u00e0 vivre avec intel\u00adli\u00adgence et respect<\/strong><\/p>\n\n\n\n<p>Ch\u00e8res lec\u00adtri\u00adces de Bobea, bien\u00adv\u00adenue dans notre rubrique \u201cCou\u00adple\u201d ! Ici, nous c\u00e9l\u00e9brons l\u2019art de vivre \u00e0 deux, une exp\u00e9ri\u00adence aus\u00adsi enrichissante que pas\u00adsion\u00adnante. Que vous soyez en cou\u00adple depuis des ann\u00e9es ou que vous veniez de franchir le cap, cette sec\u00adtion est votre guide pour cul\u00adtiv\u00ader une rela\u00adtion \u00e9panouie et \u00e9quili\u00adbr\u00e9e.<\/p>\n\n\n\n<p><strong>Cul\u00adtiv\u00ader l\u2019amour au quo\u00adti\u00addi\u00aden<\/strong><\/p>\n\n\n\n<p>Le cou\u00adple, c\u2019est comme un jardin : il faut l\u2019ar\u00adroser r\u00e9guli\u00e8re\u00adment pour le voir s\u2019\u00e9\u00adpanouir ! Nous vous d\u00e9voilerons les secrets pour entretenir la flamme, des petites atten\u00adtions quo\u00adti\u00addi\u00adennes aux grands gestes roman\u00adtiques. D\u00e9cou\u00advrez com\u00adment sur\u00adpren\u00addre votre parte\u00adnaire et raviv\u00ader la magie des pre\u00admiers jours, m\u00eame apr\u00e8s des ann\u00e9es de vie com\u00admune.<\/p>\n\n\n\n<p><strong>Com\u00admu\u00adni\u00adca\u00adtion : la cl\u00e9 d\u2019or <\/strong>Saviez-vous que la com\u00admu\u00adni\u00adca\u00adtion est le pili\u00ader d\u2019une rela\u00adtion saine ? Nous vous appren\u00addrons l\u2019art de l\u2019\u00e9\u00adcoute active et du dia\u00adlogue con\u00adstruc\u00adtif. Fini les malen\u00adten\u00addus et les non-dits ! Avec nos astuces, vous saurez exprimer vos besoins et com\u00adpren\u00addre ceux de votre parte\u00adnaire, pour une har\u00admonie par\u00adfaite.<\/p>\n\n\n\n<p><strong>L\u2019\u00e9quili\u00adbre entre autonomie et com\u00adplic\u00adit\u00e9&nbsp;: <\/strong>\u00catre en cou\u00adple ne sig\u00adni\u00adfie pas per\u00addre son iden\u00adtit\u00e9 ! Nous vous mon\u00adtrerons com\u00adment pr\u00e9serv\u00ader votre ind\u00e9pen\u00addance tout en con\u00adstru\u00adisant une rela\u00adtion solide. Des con\u00adseils pra\u00adtiques pour jon\u00adgler entre vie per\u00adson\u00adnelle, pro\u00adfes\u00adsion\u00adnelle et amoureuse vous atten\u00addent.<\/p>\n\n\n\n<p><strong>G\u00e9r\u00ader les d\u00e9fis ensem\u00adble<\/strong><\/p>\n\n\n\n<p>La vie de cou\u00adple n\u2019est pas tou\u00adjours un long fleuve tran\u00adquille, et c\u2019est nor\u00admal ! Nous abor\u00adderons les d\u00e9fis courants (finances, belle-famille, rou\u00adtine\u2026) et vous don\u00adnerons les out\u00adils pour les sur\u00admon\u00adter en \u00e9quipe. Parce qu\u2019une dif\u00adfi\u00adcult\u00e9 partag\u00e9e est une dif\u00adfi\u00adcult\u00e9 \u00e0 moiti\u00e9 r\u00e9solue !<\/p>\n\n\n\n<p><strong>Intim\u00adit\u00e9 et com\u00adplic\u00adit\u00e9&nbsp;: <\/strong>L\u2019in\u00adtim\u00adit\u00e9 est le ciment d\u2019un cou\u00adple \u00e9panoui. Sans tabous mais avec d\u00e9li\u00adcatesse, nous explorerons les fa\u00e7ons de main\u00adtenir une vie intime sat\u00adis\u00adfaisante et com\u00adplice. Des con\u00adseils d\u2019ex\u00adperts et des t\u00e9moignages inspi\u00adrants vous aideront \u00e0 cul\u00adtiv\u00ader cette con\u00adnex\u00adion unique.<\/p>\n\n\n\n<p><strong>Grandir ensem\u00adble<\/strong><\/p>\n\n\n\n<p><strong>&nbsp;<\/strong>Le cou\u00adple, c\u2019est aus\u00adsi une oppor\u00adtu\u00adnit\u00e9 de crois\u00adsance per\u00adson\u00adnelle. D\u00e9cou\u00advrez com\u00adment vous \u00e9panouir indi\u00advidu\u00adelle\u00adment tout en \u00e9volu\u00adant \u00e0 deux. Pro\u00adjets com\u00admuns, sou\u00adtien mutuel, partage des pas\u00adsions : nous vous mon\u00adtrerons com\u00adment faire de votre rela\u00adtion un trem\u00adplin vers vos r\u00eaves. Que vous soyez une roman\u00adtique inv\u00e9t\u00e9r\u00e9e ou une prag\u00adma\u00adtique dans l\u2019\u00e2me, notre rubrique \u201cCou\u00adple\u201d vous offrira un m\u00e9lange \u00e9quili\u00adbr\u00e9 de con\u00adseils pra\u00adtiques, d\u2019anec\u00addotes touchantes et d\u2019ex\u00ader\u00adci\u00adces ludiques. Parce que chez Bobea, nous croyons que chaque femme m\u00e9rite une rela\u00adtion \u00e9panouis\u00adsante, respectueuse et pleine d\u2019amour. Alors, pr\u00eate \u00e0 trans\u00adformer votre vie de cou\u00adple en une mer\u00adveilleuse aven\u00adture ? Plongez dans notre rubrique et lais\u00adsez-vous guider vers une rela\u00adtion plus forte, plus pro\u00adfonde et plus heureuse que jamais !<\/p>\n","protected":false},"excerpt":{"rendered":"<p>Une aven\u00adture riche \u00e0 vivre avec intel\u00adli\u00adgence et respect Ch\u00e8res lec\u00adtri\u00adces de Bobea, bien\u00adv\u00adenue dans notre rubrique \u201cCou\u00adple\u201d ! Ici, nous c\u00e9l\u00e9brons l\u2019art de vivre \u00e0 deux, une exp\u00e9ri\u00adence aus\u00adsi\u2026 <\/p>\n","protected":false},"author":1,"featured_media":3402,"parent":0,"menu_order":0,"comment_status":"open","ping_status":"closed","template":"","meta":{"wp_typography_post_enhancements_disabled":false,"footnotes":""},"class_list":["post-3401","page","type-page","status-publish","has-post-thumbnail","hentry"],"yoast_head":"<!-- This site is optimized with the Yoast SEO plugin v24.7 - https:\/\/yoast.com\/wordpress\/plugins\/seo\/ -->\n<title>Couples - Bobea<\/title>\n<meta name=\"robots\" content=\"index, follow, max-snippet:-1, max-image-preview:large, max-video-preview:-1\" \/>\n<link rel=\"canonical\" href=\"https:\/\/bobea.net\/index.php\/couples-2\/\" \/>\n<meta property=\"og:locale\" content=\"fr_FR\" \/>\n<meta property=\"og:type\" content=\"article\" \/>\n<meta property=\"og:title\" content=\"Couples - Bobea\" \/>\n<meta property=\"og:description\" content=\"Une aven\u00adture riche \u00e0 vivre avec intel\u00adli\u00adgence et respect Ch\u00e8res lec\u00adtri\u00adces de Bobea, bien\u00adv\u00adenue dans notre rubrique \u201cCou\u00adple\u201d ! Ici, nous c\u00e9l\u00e9brons l\u2019art de vivre \u00e0 deux, une exp\u00e9ri\u00adence aus\u00adsi&hellip;\" \/>\n<meta property=\"og:url\" content=\"https:\/\/bobea.net\/index.php\/couples-2\/\" \/>\n<meta property=\"og:site_name\" content=\"Bobea\" \/>\n<meta property=\"article:publisher\" content=\"https:\/\/web.facebook.com\/profile.php?id=61559252188416\" \/>\n<meta property=\"article:modified_time\" content=\"2024-07-15T21:00:10+00:00\" \/>\n<meta property=\"og:image\" content=\"https:\/\/bobea.net\/wp-content\/uploads\/2024\/07\/17564267-image-de-jeune-couple-asiatique-a-l-exterieur-photo.jpg\" \/>\n\t<meta property=\"og:image:width\" content=\"1470\" \/>\n\t<meta property=\"og:image:height\" content=\"980\" \/>\n\t<meta property=\"og:image:type\" content=\"image\/jpeg\" \/>\n<meta name=\"twitter:card\" content=\"summary_large_image\" \/>\n<meta name=\"twitter:label1\" content=\"Dur\u00e9e de lecture estim\u00e9e\" \/>\n\t<meta name=\"twitter:data1\" content=\"3 minutes\" \/>\n<script type=\"application\/ld+json\" class=\"yoast-schema-graph\">{\"@context\":\"https:\/\/schema.org\",\"@graph\":[{\"@type\":\"WebPage\",\"@id\":\"https:\/\/bobea.net\/index.php\/couples-2\/\",\"url\":\"https:\/\/bobea.net\/index.php\/couples-2\/\",\"name\":\"Couples - Bobea\",\"isPartOf\":{\"@id\":\"https:\/\/bobea.net\/#website\"},\"primaryImageOfPage\":{\"@id\":\"https:\/\/bobea.net\/index.php\/couples-2\/#primaryimage\"},\"image\":{\"@id\":\"https:\/\/bobea.net\/index.php\/couples-2\/#primaryimage\"},\"thumbnailUrl\":\"https:\/\/bobea.net\/wp-content\/uploads\/2024\/07\/17564267-image-de-jeune-couple-asiatique-a-l-exterieur-photo.jpg\",\"datePublished\":\"2024-07-15T21:00:09+00:00\",\"dateModified\":\"2024-07-15T21:00:10+00:00\",\"breadcrumb\":{\"@id\":\"https:\/\/bobea.net\/index.php\/couples-2\/#breadcrumb\"},\"inLanguage\":\"fr-FR\",\"potentialAction\":[{\"@type\":\"ReadAction\",\"target\":[\"https:\/\/bobea.net\/index.php\/couples-2\/\"]}]},{\"@type\":\"ImageObject\",\"inLanguage\":\"fr-FR\",\"@id\":\"https:\/\/bobea.net\/index.php\/couples-2\/#primaryimage\",\"url\":\"https:\/\/bobea.net\/wp-content\/uploads\/2024\/07\/17564267-image-de-jeune-couple-asiatique-a-l-exterieur-photo.jpg\",\"contentUrl\":\"https:\/\/bobea.net\/wp-content\/uploads\/2024\/07\/17564267-image-de-jeune-couple-asiatique-a-l-exterieur-photo.jpg\",\"width\":1470,\"height\":980},{\"@type\":\"BreadcrumbList\",\"@id\":\"https:\/\/bobea.net\/index.php\/couples-2\/#breadcrumb\",\"itemListElement\":[{\"@type\":\"ListItem\",\"position\":1,\"name\":\"Accueil\",\"item\":\"https:\/\/bobea.net\/\"},{\"@type\":\"ListItem\",\"position\":2,\"name\":\"Couples\"}]},{\"@type\":\"WebSite\",\"@id\":\"https:\/\/bobea.net\/#website\",\"url\":\"https:\/\/bobea.net\/\",\"name\":\"Bobea\",\"description\":\"Le magazine de la nouvelle \u00c8ve\",\"publisher\":{\"@id\":\"https:\/\/bobea.net\/#organization\"},\"potentialAction\":[{\"@type\":\"SearchAction\",\"target\":{\"@type\":\"EntryPoint\",\"urlTemplate\":\"https:\/\/bobea.net\/?s={search_term_string}\"},\"query-input\":{\"@type\":\"PropertyValueSpecification\",\"valueRequired\":true,\"valueName\":\"search_term_string\"}}],\"inLanguage\":\"fr-FR\"},{\"@type\":\"Organization\",\"@id\":\"https:\/\/bobea.net\/#organization\",\"name\":\"Bobea\",\"url\":\"https:\/\/bobea.net\/\",\"logo\":{\"@type\":\"ImageObject\",\"inLanguage\":\"fr-FR\",\"@id\":\"https:\/\/bobea.net\/#\/schema\/logo\/image\/\",\"url\":\"https:\/\/bobea.net\/wp-content\/uploads\/2024\/06\/bobea.jpg\",\"contentUrl\":\"https:\/\/bobea.net\/wp-content\/uploads\/2024\/06\/bobea.jpg\",\"width\":1080,\"height\":1080,\"caption\":\"Bobea\"},\"image\":{\"@id\":\"https:\/\/bobea.net\/#\/schema\/logo\/image\/\"},\"sameAs\":[\"https:\/\/web.facebook.com\/profile.php?id=61559252188416\"]}]}<\/script>\n<!-- \/ Yoast SEO plugin. -->","yoast_head_json":{"title":"Couples - Bobea","robots":{"index":"index","follow":"follow","max-snippet":"max-snippet:-1","max-image-preview":"max-image-preview:large","max-video-preview":"max-video-preview:-1"},"canonical":"https:\/\/bobea.net\/index.php\/couples-2\/","og_locale":"fr_FR","og_type":"article","og_title":"Couples - Bobea","og_description":"Une aven\u00adture riche \u00e0 vivre avec intel\u00adli\u00adgence et respect Ch\u00e8res lec\u00adtri\u00adces de Bobea, bien\u00adv\u00adenue dans notre rubrique \u201cCou\u00adple\u201d ! Ici, nous c\u00e9l\u00e9brons l\u2019art de vivre \u00e0 deux, une exp\u00e9ri\u00adence aus\u00adsi&hellip;","og_url":"https:\/\/bobea.net\/index.php\/couples-2\/","og_site_name":"Bobea","article_publisher":"https:\/\/web.facebook.com\/profile.php?id=61559252188416","article_modified_time":"2024-07-15T21:00:10+00:00","og_image":[{"width":1470,"height":980,"url":"https:\/\/bobea.net\/wp-content\/uploads\/2024\/07\/17564267-image-de-jeune-couple-asiatique-a-l-exterieur-photo.jpg","type":"image\/jpeg"}],"twitter_card":"summary_large_image","twitter_misc":{"Dur\u00e9e de lecture estim\u00e9e":"3 minutes"},"schema":{"@context":"https:\/\/schema.org","@graph":[{"@type":"WebPage","@id":"https:\/\/bobea.net\/index.php\/couples-2\/","url":"https:\/\/bobea.net\/index.php\/couples-2\/","name":"Couples - Bobea","isPartOf":{"@id":"https:\/\/bobea.net\/#website"},"primaryImageOfPage":{"@id":"https:\/\/bobea.net\/index.php\/couples-2\/#primaryimage"},"image":{"@id":"https:\/\/bobea.net\/index.php\/couples-2\/#primaryimage"},"thumbnailUrl":"https:\/\/bobea.net\/wp-content\/uploads\/2024\/07\/17564267-image-de-jeune-couple-asiatique-a-l-exterieur-photo.jpg","datePublished":"2024-07-15T21:00:09+00:00","dateModified":"2024-07-15T21:00:10+00:00","breadcrumb":{"@id":"https:\/\/bobea.net\/index.php\/couples-2\/#breadcrumb"},"inLanguage":"fr-FR","potentialAction":[{"@type":"ReadAction","target":["https:\/\/bobea.net\/index.php\/couples-2\/"]}]},{"@type":"ImageObject","inLanguage":"fr-FR","@id":"https:\/\/bobea.net\/index.php\/couples-2\/#primaryimage","url":"https:\/\/bobea.net\/wp-content\/uploads\/2024\/07\/17564267-image-de-jeune-couple-asiatique-a-l-exterieur-photo.jpg","contentUrl":"https:\/\/bobea.net\/wp-content\/uploads\/2024\/07\/17564267-image-de-jeune-couple-asiatique-a-l-exterieur-photo.jpg","width":1470,"height":980},{"@type":"BreadcrumbList","@id":"https:\/\/bobea.net\/index.php\/couples-2\/#breadcrumb","itemListElement":[{"@type":"ListItem","position":1,"name":"Accueil","item":"https:\/\/bobea.net\/"},{"@type":"ListItem","position":2,"name":"Couples"}]},{"@type":"WebSite","@id":"https:\/\/bobea.net\/#website","url":"https:\/\/bobea.net\/","name":"Bobea","description":"Le magazine de la nouvelle \u00c8ve","publisher":{"@id":"https:\/\/bobea.net\/#organization"},"potentialAction":[{"@type":"SearchAction","target":{"@type":"EntryPoint","urlTemplate":"https:\/\/bobea.net\/?s={search_term_string}"},"query-input":{"@type":"PropertyValueSpecification","valueRequired":true,"valueName":"search_term_string"}}],"inLanguage":"fr-FR"},{"@type":"Organization","@id":"https:\/\/bobea.net\/#organization","name":"Bobea","url":"https:\/\/bobea.net\/","logo":{"@type":"ImageObject","inLanguage":"fr-FR","@id":"https:\/\/bobea.net\/#\/schema\/logo\/image\/","url":"https:\/\/bobea.net\/wp-content\/uploads\/2024\/06\/bobea.jpg","contentUrl":"https:\/\/bobea.net\/wp-content\/uploads\/2024\/06\/bobea.jpg","width":1080,"height":1080,"caption":"Bobea"},"image":{"@id":"https:\/\/bobea.net\/#\/schema\/logo\/image\/"},"sameAs":["https:\/\/web.facebook.com\/profile.php?id=61559252188416"]}]}},"_links":{"self":[{"href":"https:\/\/bobea.net\/index.php\/wp-json\/wp\/v2\/pages\/3401"}],"collection":[{"href":"https:\/\/bobea.net\/index.php\/wp-json\/wp\/v2\/pages"}],"about":[{"href":"https:\/\/bobea.net\/index.php\/wp-json\/wp\/v2\/types\/page"}],"author":[{"embeddable":true,"href":"https:\/\/bobea.net\/index.php\/wp-json\/wp\/v2\/users\/1"}],"replies":[{"embeddable":true,"href":"https:\/\/bobea.net\/index.php\/wp-json\/wp\/v2\/comments?post=3401"}],"version-history":[{"count":0,"href":"https:\/\/bobea.net\/index.php\/wp-json\/wp\/v2\/pages\/3401\/revisions"}],"wp:featuredmedia":[{"embeddable":true,"href":"https:\/\/bobea.net\/index.php\/wp-json\/wp\/v2\/media\/3402"}],"wp:attachment":[{"href":"https:\/\/bobea.net\/index.php\/wp-json\/wp\/v2\/media?parent=3401"}],"curies":[{"name":"wp","href":"https:\/\/api.w.org\/{rel}","templated":true}]}}