{"id":2897,"date":"2024-07-01T20:24:14","date_gmt":"2024-07-01T20:24:14","guid":{"rendered":"https:\/\/bobea.net\/?page_id=2897"},"modified":"2024-07-09T06:12:18","modified_gmt":"2024-07-09T06:12:18","slug":"boutiques","status":"publish","type":"page","link":"https:\/\/bobea.net\/index.php\/boutiques\/","title":{"rendered":"Boutiques"},"content":{"rendered":"\n<p class=\"has-medium-font-size\"><strong>Nos meilleures adress\u00ades pour la chas\u00adse aux tr\u00e9\u00adsors<\/strong><\/p>\n\n\n\n<p>Qu\u2019elles soient en ligne ou physiques, les bonnes bou\u00adtiques se nichent par\u00adfois dans les recoins les plus inat\u00adten\u00addus. Lais\u00adsez-nous vous guider \u00e0 tra\u00advers un d\u00e9dale de con\u00adcepts stores orig\u00adin\u00adaux, de quartiers branch\u00e9s et d\u2019e-shops de con\u00adfi\u00adance. De la friperie vin\u00adtage aux grandes enseignes en pas\u00adsant par les d\u00e9p\u00f4ts-vente, cette sous-rubrique vous d\u00e9voil\u00adera nos coups de c\u0153ur pour d\u00e9nich\u00ader les p\u00e9pites mode, beaut\u00e9 et d\u00e9co \u00e0 petits prix.<\/p>\n\n\n\n<p>Et pour vous aider dans votre qu\u00eate du bon shop\u00adping, bobea.net lance la BIB Carte, la \u201cBobea in BEST\u201d Carte qui r\u00e9per\u00adto\u00adrie les meilleures bou\u00adtiques et mar\u00adques ten\u00addance du moment \u00e0 Paris. Cette carte inter\u00adac\u00adtive vous guidera vers les adress\u00ades incon\u00adtourn\u00adables s\u00e9lec\u00adtion\u00adn\u00e9es par notre \u00e9quipe de chas\u00adseuses de bonnes affaires.<\/p>\n\n\n\n<ol class=\"wp-block-list\">\n<li><strong>Bou\u00adtiques en ligne<\/strong><ol><li>Pr\u00e9sen\u00adta\u00adtion des meilleures bou\u00adtiques en ligne fiables<\/li><\/ol><ol><li>Codes pro\u00admo et bons plans pour faire des \u00e9conomies<\/li><\/ol>\n<ol class=\"wp-block-list\">\n<li>Focus sur la BIB Carte : les e\u2011shops ten\u00addance \u00e0 ne pas man\u00adquer<\/li>\n<\/ol>\n<\/li>\n\n\n\n<li><strong>Bou\u00adtiques physiques<\/strong><ol><li>Les quartiers com\u00admer\u00e7ants branch\u00e9s de Paris \u00e0 explor\u00ader<\/li><\/ol><ol><li>Con\u00adcepts stores orig\u00adin\u00adaux et lieux atyp\u00adiques<\/li><\/ol>\n<ol class=\"wp-block-list\">\n<li>La BIB Carte d\u00e9voile ses coups de c\u0153ur bou\u00adtiques en ville<\/li>\n<\/ol>\n<\/li>\n\n\n\n<li><strong>Friperies et d\u00e9p\u00f4ts-vente<\/strong><ol><li>Con\u00adseils pour d\u00e9nich\u00ader les pi\u00e8ces vin\u00adtage \u00e0 petits prix<\/li><\/ol><ol><li>Bons plans friperies\/d\u00e9p\u00f4ts-vente par arrondisse\u00adment<\/li><\/ol>\n<ol class=\"wp-block-list\">\n<li>Les adress\u00ades friperies\/d\u00e9p\u00f4ts-vente incon\u00adtourn\u00adables selon la BIB Carte<\/li>\n<\/ol>\n<\/li>\n<\/ol>\n\n\n\n<p>Avec nos bons plans d\u2019ini\u00adti\u00e9es et la BIB Carte, faire de bonnes affaires n\u2019au\u00adra jamais \u00e9t\u00e9 aus\u00adsi sim\u00adple et plaisant \u00e0 Paris ! Que vous soyez une adepte du shop\u00adping en ligne ou une ama\u00adtrice des vir\u00e9es bou\u00adtiques, cette rubrique vous ouvri\u00adra les portes des meilleures adress\u00ades pour une chas\u00adse aux tr\u00e9\u00adsors mode, beaut\u00e9 et d\u00e9co r\u00e9ussie<\/p>\n","protected":false},"excerpt":{"rendered":"<p>Nos meilleures adress\u00ades pour la chas\u00adse aux tr\u00e9\u00adsors Qu\u2019elles soient en ligne ou physiques, les bonnes bou\u00adtiques se nichent par\u00adfois dans les recoins les plus inat\u00adten\u00addus. Lais\u00adsez-nous vous guider \u00e0\u2026 <\/p>\n","protected":false},"author":1,"featured_media":3179,"parent":0,"menu_order":0,"comment_status":"open","ping_status":"closed","template":"","meta":{"wp_typography_post_enhancements_disabled":false,"footnotes":""},"class_list":["post-2897","page","type-page","status-publish","has-post-thumbnail","hentry"],"yoast_head":"<!-- This site is optimized with the Yoast SEO plugin v24.7 - https:\/\/yoast.com\/wordpress\/plugins\/seo\/ -->\n<title>Boutiques - Bobea<\/title>\n<meta name=\"robots\" content=\"index, follow, max-snippet:-1, max-image-preview:large, max-video-preview:-1\" \/>\n<link rel=\"canonical\" href=\"https:\/\/bobea.net\/index.php\/boutiques\/\" \/>\n<meta property=\"og:locale\" content=\"fr_FR\" \/>\n<meta property=\"og:type\" content=\"article\" \/>\n<meta property=\"og:title\" content=\"Boutiques - Bobea\" \/>\n<meta property=\"og:description\" content=\"Nos meilleures adress\u00ades pour la chas\u00adse aux tr\u00e9\u00adsors Qu\u2019elles soient en ligne ou physiques, les bonnes bou\u00adtiques se nichent par\u00adfois dans les recoins les plus inat\u00adten\u00addus. Lais\u00adsez-nous vous guider \u00e0&hellip;\" \/>\n<meta property=\"og:url\" content=\"https:\/\/bobea.net\/index.php\/boutiques\/\" \/>\n<meta property=\"og:site_name\" content=\"Bobea\" \/>\n<meta property=\"article:publisher\" content=\"https:\/\/web.facebook.com\/profile.php?id=61559252188416\" \/>\n<meta property=\"article:modified_time\" content=\"2024-07-09T06:12:18+00:00\" \/>\n<meta property=\"og:image\" content=\"https:\/\/bobea.net\/wp-content\/uploads\/2024\/07\/7aeef53a-customer_cases_fy20_emea-design_export_image-5.jpg\" \/>\n\t<meta property=\"og:image:width\" content=\"1000\" \/>\n\t<meta property=\"og:image:height\" content=\"615\" \/>\n\t<meta property=\"og:image:type\" content=\"image\/jpeg\" \/>\n<meta name=\"twitter:card\" content=\"summary_large_image\" \/>\n<meta name=\"twitter:label1\" content=\"Dur\u00e9e de lecture estim\u00e9e\" \/>\n\t<meta name=\"twitter:data1\" content=\"2 minutes\" \/>\n<script type=\"application\/ld+json\" class=\"yoast-schema-graph\">{\"@context\":\"https:\/\/schema.org\",\"@graph\":[{\"@type\":\"WebPage\",\"@id\":\"https:\/\/bobea.net\/index.php\/boutiques\/\",\"url\":\"https:\/\/bobea.net\/index.php\/boutiques\/\",\"name\":\"Boutiques - Bobea\",\"isPartOf\":{\"@id\":\"https:\/\/bobea.net\/#website\"},\"primaryImageOfPage\":{\"@id\":\"https:\/\/bobea.net\/index.php\/boutiques\/#primaryimage\"},\"image\":{\"@id\":\"https:\/\/bobea.net\/index.php\/boutiques\/#primaryimage\"},\"thumbnailUrl\":\"https:\/\/bobea.net\/wp-content\/uploads\/2024\/07\/7aeef53a-customer_cases_fy20_emea-design_export_image-5.jpg\",\"datePublished\":\"2024-07-01T20:24:14+00:00\",\"dateModified\":\"2024-07-09T06:12:18+00:00\",\"breadcrumb\":{\"@id\":\"https:\/\/bobea.net\/index.php\/boutiques\/#breadcrumb\"},\"inLanguage\":\"fr-FR\",\"potentialAction\":[{\"@type\":\"ReadAction\",\"target\":[\"https:\/\/bobea.net\/index.php\/boutiques\/\"]}]},{\"@type\":\"ImageObject\",\"inLanguage\":\"fr-FR\",\"@id\":\"https:\/\/bobea.net\/index.php\/boutiques\/#primaryimage\",\"url\":\"https:\/\/bobea.net\/wp-content\/uploads\/2024\/07\/7aeef53a-customer_cases_fy20_emea-design_export_image-5.jpg\",\"contentUrl\":\"https:\/\/bobea.net\/wp-content\/uploads\/2024\/07\/7aeef53a-customer_cases_fy20_emea-design_export_image-5.jpg\",\"width\":1000,\"height\":615},{\"@type\":\"BreadcrumbList\",\"@id\":\"https:\/\/bobea.net\/index.php\/boutiques\/#breadcrumb\",\"itemListElement\":[{\"@type\":\"ListItem\",\"position\":1,\"name\":\"Accueil\",\"item\":\"https:\/\/bobea.net\/\"},{\"@type\":\"ListItem\",\"position\":2,\"name\":\"Boutiques\"}]},{\"@type\":\"WebSite\",\"@id\":\"https:\/\/bobea.net\/#website\",\"url\":\"https:\/\/bobea.net\/\",\"name\":\"Bobea\",\"description\":\"Le magazine de la nouvelle \u00c8ve\",\"publisher\":{\"@id\":\"https:\/\/bobea.net\/#organization\"},\"potentialAction\":[{\"@type\":\"SearchAction\",\"target\":{\"@type\":\"EntryPoint\",\"urlTemplate\":\"https:\/\/bobea.net\/?s={search_term_string}\"},\"query-input\":{\"@type\":\"PropertyValueSpecification\",\"valueRequired\":true,\"valueName\":\"search_term_string\"}}],\"inLanguage\":\"fr-FR\"},{\"@type\":\"Organization\",\"@id\":\"https:\/\/bobea.net\/#organization\",\"name\":\"Bobea\",\"url\":\"https:\/\/bobea.net\/\",\"logo\":{\"@type\":\"ImageObject\",\"inLanguage\":\"fr-FR\",\"@id\":\"https:\/\/bobea.net\/#\/schema\/logo\/image\/\",\"url\":\"https:\/\/bobea.net\/wp-content\/uploads\/2024\/06\/bobea.jpg\",\"contentUrl\":\"https:\/\/bobea.net\/wp-content\/uploads\/2024\/06\/bobea.jpg\",\"width\":1080,\"height\":1080,\"caption\":\"Bobea\"},\"image\":{\"@id\":\"https:\/\/bobea.net\/#\/schema\/logo\/image\/\"},\"sameAs\":[\"https:\/\/web.facebook.com\/profile.php?id=61559252188416\"]}]}<\/script>\n<!-- \/ Yoast SEO plugin. -->","yoast_head_json":{"title":"Boutiques - Bobea","robots":{"index":"index","follow":"follow","max-snippet":"max-snippet:-1","max-image-preview":"max-image-preview:large","max-video-preview":"max-video-preview:-1"},"canonical":"https:\/\/bobea.net\/index.php\/boutiques\/","og_locale":"fr_FR","og_type":"article","og_title":"Boutiques - Bobea","og_description":"Nos meilleures adress\u00ades pour la chas\u00adse aux tr\u00e9\u00adsors Qu\u2019elles soient en ligne ou physiques, les bonnes bou\u00adtiques se nichent par\u00adfois dans les recoins les plus inat\u00adten\u00addus. Lais\u00adsez-nous vous guider \u00e0&hellip;","og_url":"https:\/\/bobea.net\/index.php\/boutiques\/","og_site_name":"Bobea","article_publisher":"https:\/\/web.facebook.com\/profile.php?id=61559252188416","article_modified_time":"2024-07-09T06:12:18+00:00","og_image":[{"width":1000,"height":615,"url":"https:\/\/bobea.net\/wp-content\/uploads\/2024\/07\/7aeef53a-customer_cases_fy20_emea-design_export_image-5.jpg","type":"image\/jpeg"}],"twitter_card":"summary_large_image","twitter_misc":{"Dur\u00e9e de lecture estim\u00e9e":"2 minutes"},"schema":{"@context":"https:\/\/schema.org","@graph":[{"@type":"WebPage","@id":"https:\/\/bobea.net\/index.php\/boutiques\/","url":"https:\/\/bobea.net\/index.php\/boutiques\/","name":"Boutiques - Bobea","isPartOf":{"@id":"https:\/\/bobea.net\/#website"},"primaryImageOfPage":{"@id":"https:\/\/bobea.net\/index.php\/boutiques\/#primaryimage"},"image":{"@id":"https:\/\/bobea.net\/index.php\/boutiques\/#primaryimage"},"thumbnailUrl":"https:\/\/bobea.net\/wp-content\/uploads\/2024\/07\/7aeef53a-customer_cases_fy20_emea-design_export_image-5.jpg","datePublished":"2024-07-01T20:24:14+00:00","dateModified":"2024-07-09T06:12:18+00:00","breadcrumb":{"@id":"https:\/\/bobea.net\/index.php\/boutiques\/#breadcrumb"},"inLanguage":"fr-FR","potentialAction":[{"@type":"ReadAction","target":["https:\/\/bobea.net\/index.php\/boutiques\/"]}]},{"@type":"ImageObject","inLanguage":"fr-FR","@id":"https:\/\/bobea.net\/index.php\/boutiques\/#primaryimage","url":"https:\/\/bobea.net\/wp-content\/uploads\/2024\/07\/7aeef53a-customer_cases_fy20_emea-design_export_image-5.jpg","contentUrl":"https:\/\/bobea.net\/wp-content\/uploads\/2024\/07\/7aeef53a-customer_cases_fy20_emea-design_export_image-5.jpg","width":1000,"height":615},{"@type":"BreadcrumbList","@id":"https:\/\/bobea.net\/index.php\/boutiques\/#breadcrumb","itemListElement":[{"@type":"ListItem","position":1,"name":"Accueil","item":"https:\/\/bobea.net\/"},{"@type":"ListItem","position":2,"name":"Boutiques"}]},{"@type":"WebSite","@id":"https:\/\/bobea.net\/#website","url":"https:\/\/bobea.net\/","name":"Bobea","description":"Le magazine de la nouvelle \u00c8ve","publisher":{"@id":"https:\/\/bobea.net\/#organization"},"potentialAction":[{"@type":"SearchAction","target":{"@type":"EntryPoint","urlTemplate":"https:\/\/bobea.net\/?s={search_term_string}"},"query-input":{"@type":"PropertyValueSpecification","valueRequired":true,"valueName":"search_term_string"}}],"inLanguage":"fr-FR"},{"@type":"Organization","@id":"https:\/\/bobea.net\/#organization","name":"Bobea","url":"https:\/\/bobea.net\/","logo":{"@type":"ImageObject","inLanguage":"fr-FR","@id":"https:\/\/bobea.net\/#\/schema\/logo\/image\/","url":"https:\/\/bobea.net\/wp-content\/uploads\/2024\/06\/bobea.jpg","contentUrl":"https:\/\/bobea.net\/wp-content\/uploads\/2024\/06\/bobea.jpg","width":1080,"height":1080,"caption":"Bobea"},"image":{"@id":"https:\/\/bobea.net\/#\/schema\/logo\/image\/"},"sameAs":["https:\/\/web.facebook.com\/profile.php?id=61559252188416"]}]}},"_links":{"self":[{"href":"https:\/\/bobea.net\/index.php\/wp-json\/wp\/v2\/pages\/2897"}],"collection":[{"href":"https:\/\/bobea.net\/index.php\/wp-json\/wp\/v2\/pages"}],"about":[{"href":"https:\/\/bobea.net\/index.php\/wp-json\/wp\/v2\/types\/page"}],"author":[{"embeddable":true,"href":"https:\/\/bobea.net\/index.php\/wp-json\/wp\/v2\/users\/1"}],"replies":[{"embeddable":true,"href":"https:\/\/bobea.net\/index.php\/wp-json\/wp\/v2\/comments?post=2897"}],"version-history":[{"count":0,"href":"https:\/\/bobea.net\/index.php\/wp-json\/wp\/v2\/pages\/2897\/revisions"}],"wp:featuredmedia":[{"embeddable":true,"href":"https:\/\/bobea.net\/index.php\/wp-json\/wp\/v2\/media\/3179"}],"wp:attachment":[{"href":"https:\/\/bobea.net\/index.php\/wp-json\/wp\/v2\/media?parent=2897"}],"curies":[{"name":"wp","href":"https:\/\/api.w.org\/{rel}","templated":true}]}}