{"id":2870,"date":"2024-07-01T20:08:55","date_gmt":"2024-07-01T20:08:55","guid":{"rendered":"https:\/\/bobea.net\/?page_id=2870"},"modified":"2024-07-09T06:01:41","modified_gmt":"2024-07-09T06:01:41","slug":"actualites","status":"publish","type":"page","link":"https:\/\/bobea.net\/index.php\/actualites\/","title":{"rendered":"Actualit\u00e9s"},"content":{"rendered":"\n<p>Cette rubrique vous tient infor\u00adm\u00e9 des derniers faits mar\u00adquants et des ten\u00addances \u00e9mer\u00adgentes dans les domaines de l\u2019en\u00advi\u00adron\u00adnement, de l\u2019\u00e9\u00adcolo\u00adgie et du d\u00e9veloppe\u00adment durable. Vous y retrou\u00adverez les avanc\u00e9es sci\u00aden\u00adtifiques, les ini\u00adtia\u00adtives citoyennes, les poli\u00adtiques gou\u00adverne\u00admen\u00adtales et les inno\u00adva\u00adtions tech\u00adnologiques li\u00e9es \u00e0 la pr\u00e9ser\u00adva\u00adtion de notre plan\u00e8te.<\/p>\n\n\n\n<p>Que ce soit sur les enjeux du change\u00adment cli\u00adma\u00adtique, de la bio\u00addi\u00adver\u00adsit\u00e9, de la pol\u00adlu\u00adtion ou de l\u2019a\u00adgri\u00adcul\u00adture durable, cette sec\u00adtion fera la lumi\u00e8re sur l\u2019ac\u00adtu\u00adal\u00adit\u00e9 br\u00fblante de la nature.<\/p>\n\n\n\n<p>Restez \u00e0 l\u2019af\u00adf\u00fbt des derni\u00e8res nou\u00advelles pour rester infor\u00adm\u00e9 et faire des choix \u00e9clair\u00e9s en faveur d\u2019un mode de vie plus respectueux de l\u2019en\u00advi\u00adron\u00adnement.<\/p>\n","protected":false},"excerpt":{"rendered":"<p>Cette rubrique vous tient infor\u00adm\u00e9 des derniers faits mar\u00adquants et des ten\u00addances \u00e9mer\u00adgentes dans les domaines de l\u2019en\u00advi\u00adron\u00adnement, de l\u2019\u00e9\u00adcolo\u00adgie et du d\u00e9veloppe\u00adment durable. Vous y retrou\u00adverez les avanc\u00e9es sci\u00aden\u00adtifiques,\u2026 <\/p>\n","protected":false},"author":1,"featured_media":3175,"parent":0,"menu_order":0,"comment_status":"closed","ping_status":"closed","template":"","meta":{"wp_typography_post_enhancements_disabled":false,"footnotes":""},"class_list":["post-2870","page","type-page","status-publish","has-post-thumbnail","hentry"],"yoast_head":"<!-- This site is optimized with the Yoast SEO plugin v24.7 - https:\/\/yoast.com\/wordpress\/plugins\/seo\/ -->\n<title>Actualit\u00e9s - Bobea<\/title>\n<meta name=\"robots\" content=\"index, follow, max-snippet:-1, max-image-preview:large, max-video-preview:-1\" \/>\n<link rel=\"canonical\" href=\"https:\/\/bobea.net\/index.php\/actualites\/\" \/>\n<meta property=\"og:locale\" content=\"fr_FR\" \/>\n<meta property=\"og:type\" content=\"article\" \/>\n<meta property=\"og:title\" content=\"Actualit\u00e9s - Bobea\" \/>\n<meta property=\"og:description\" content=\"Cette rubrique vous tient infor\u00adm\u00e9 des derniers faits mar\u00adquants et des ten\u00addances \u00e9mer\u00adgentes dans les domaines de l\u2019en\u00advi\u00adron\u00adnement, de l\u2019\u00e9\u00adcolo\u00adgie et du d\u00e9veloppe\u00adment durable. Vous y retrou\u00adverez les avanc\u00e9es sci\u00aden\u00adtifiques,&hellip;\" \/>\n<meta property=\"og:url\" content=\"https:\/\/bobea.net\/index.php\/actualites\/\" \/>\n<meta property=\"og:site_name\" content=\"Bobea\" \/>\n<meta property=\"article:publisher\" content=\"https:\/\/web.facebook.com\/profile.php?id=61559252188416\" \/>\n<meta property=\"article:modified_time\" content=\"2024-07-09T06:01:41+00:00\" \/>\n<meta property=\"og:image\" content=\"https:\/\/bobea.net\/wp-content\/uploads\/2024\/07\/lecologie-1024x682-1.jpg\" \/>\n\t<meta property=\"og:image:width\" content=\"1024\" \/>\n\t<meta property=\"og:image:height\" content=\"682\" \/>\n\t<meta property=\"og:image:type\" content=\"image\/jpeg\" \/>\n<meta name=\"twitter:card\" content=\"summary_large_image\" \/>\n<meta name=\"twitter:label1\" content=\"Dur\u00e9e de lecture estim\u00e9e\" \/>\n\t<meta name=\"twitter:data1\" content=\"1 minute\" \/>\n<script type=\"application\/ld+json\" class=\"yoast-schema-graph\">{\"@context\":\"https:\/\/schema.org\",\"@graph\":[{\"@type\":\"WebPage\",\"@id\":\"https:\/\/bobea.net\/index.php\/actualites\/\",\"url\":\"https:\/\/bobea.net\/index.php\/actualites\/\",\"name\":\"Actualit\u00e9s - Bobea\",\"isPartOf\":{\"@id\":\"https:\/\/bobea.net\/#website\"},\"primaryImageOfPage\":{\"@id\":\"https:\/\/bobea.net\/index.php\/actualites\/#primaryimage\"},\"image\":{\"@id\":\"https:\/\/bobea.net\/index.php\/actualites\/#primaryimage\"},\"thumbnailUrl\":\"https:\/\/bobea.net\/wp-content\/uploads\/2024\/07\/lecologie-1024x682-1.jpg\",\"datePublished\":\"2024-07-01T20:08:55+00:00\",\"dateModified\":\"2024-07-09T06:01:41+00:00\",\"breadcrumb\":{\"@id\":\"https:\/\/bobea.net\/index.php\/actualites\/#breadcrumb\"},\"inLanguage\":\"fr-FR\",\"potentialAction\":[{\"@type\":\"ReadAction\",\"target\":[\"https:\/\/bobea.net\/index.php\/actualites\/\"]}]},{\"@type\":\"ImageObject\",\"inLanguage\":\"fr-FR\",\"@id\":\"https:\/\/bobea.net\/index.php\/actualites\/#primaryimage\",\"url\":\"https:\/\/bobea.net\/wp-content\/uploads\/2024\/07\/lecologie-1024x682-1.jpg\",\"contentUrl\":\"https:\/\/bobea.net\/wp-content\/uploads\/2024\/07\/lecologie-1024x682-1.jpg\",\"width\":1024,\"height\":682},{\"@type\":\"BreadcrumbList\",\"@id\":\"https:\/\/bobea.net\/index.php\/actualites\/#breadcrumb\",\"itemListElement\":[{\"@type\":\"ListItem\",\"position\":1,\"name\":\"Accueil\",\"item\":\"https:\/\/bobea.net\/\"},{\"@type\":\"ListItem\",\"position\":2,\"name\":\"Actualit\u00e9s\"}]},{\"@type\":\"WebSite\",\"@id\":\"https:\/\/bobea.net\/#website\",\"url\":\"https:\/\/bobea.net\/\",\"name\":\"Bobea\",\"description\":\"Le magazine de la nouvelle \u00c8ve\",\"publisher\":{\"@id\":\"https:\/\/bobea.net\/#organization\"},\"potentialAction\":[{\"@type\":\"SearchAction\",\"target\":{\"@type\":\"EntryPoint\",\"urlTemplate\":\"https:\/\/bobea.net\/?s={search_term_string}\"},\"query-input\":{\"@type\":\"PropertyValueSpecification\",\"valueRequired\":true,\"valueName\":\"search_term_string\"}}],\"inLanguage\":\"fr-FR\"},{\"@type\":\"Organization\",\"@id\":\"https:\/\/bobea.net\/#organization\",\"name\":\"Bobea\",\"url\":\"https:\/\/bobea.net\/\",\"logo\":{\"@type\":\"ImageObject\",\"inLanguage\":\"fr-FR\",\"@id\":\"https:\/\/bobea.net\/#\/schema\/logo\/image\/\",\"url\":\"https:\/\/bobea.net\/wp-content\/uploads\/2024\/06\/bobea.jpg\",\"contentUrl\":\"https:\/\/bobea.net\/wp-content\/uploads\/2024\/06\/bobea.jpg\",\"width\":1080,\"height\":1080,\"caption\":\"Bobea\"},\"image\":{\"@id\":\"https:\/\/bobea.net\/#\/schema\/logo\/image\/\"},\"sameAs\":[\"https:\/\/web.facebook.com\/profile.php?id=61559252188416\"]}]}<\/script>\n<!-- \/ Yoast SEO plugin. -->","yoast_head_json":{"title":"Actualit\u00e9s - Bobea","robots":{"index":"index","follow":"follow","max-snippet":"max-snippet:-1","max-image-preview":"max-image-preview:large","max-video-preview":"max-video-preview:-1"},"canonical":"https:\/\/bobea.net\/index.php\/actualites\/","og_locale":"fr_FR","og_type":"article","og_title":"Actualit\u00e9s - Bobea","og_description":"Cette rubrique vous tient infor\u00adm\u00e9 des derniers faits mar\u00adquants et des ten\u00addances \u00e9mer\u00adgentes dans les domaines de l\u2019en\u00advi\u00adron\u00adnement, de l\u2019\u00e9\u00adcolo\u00adgie et du d\u00e9veloppe\u00adment durable. Vous y retrou\u00adverez les avanc\u00e9es sci\u00aden\u00adtifiques,&hellip;","og_url":"https:\/\/bobea.net\/index.php\/actualites\/","og_site_name":"Bobea","article_publisher":"https:\/\/web.facebook.com\/profile.php?id=61559252188416","article_modified_time":"2024-07-09T06:01:41+00:00","og_image":[{"width":1024,"height":682,"url":"https:\/\/bobea.net\/wp-content\/uploads\/2024\/07\/lecologie-1024x682-1.jpg","type":"image\/jpeg"}],"twitter_card":"summary_large_image","twitter_misc":{"Dur\u00e9e de lecture estim\u00e9e":"1 minute"},"schema":{"@context":"https:\/\/schema.org","@graph":[{"@type":"WebPage","@id":"https:\/\/bobea.net\/index.php\/actualites\/","url":"https:\/\/bobea.net\/index.php\/actualites\/","name":"Actualit\u00e9s - Bobea","isPartOf":{"@id":"https:\/\/bobea.net\/#website"},"primaryImageOfPage":{"@id":"https:\/\/bobea.net\/index.php\/actualites\/#primaryimage"},"image":{"@id":"https:\/\/bobea.net\/index.php\/actualites\/#primaryimage"},"thumbnailUrl":"https:\/\/bobea.net\/wp-content\/uploads\/2024\/07\/lecologie-1024x682-1.jpg","datePublished":"2024-07-01T20:08:55+00:00","dateModified":"2024-07-09T06:01:41+00:00","breadcrumb":{"@id":"https:\/\/bobea.net\/index.php\/actualites\/#breadcrumb"},"inLanguage":"fr-FR","potentialAction":[{"@type":"ReadAction","target":["https:\/\/bobea.net\/index.php\/actualites\/"]}]},{"@type":"ImageObject","inLanguage":"fr-FR","@id":"https:\/\/bobea.net\/index.php\/actualites\/#primaryimage","url":"https:\/\/bobea.net\/wp-content\/uploads\/2024\/07\/lecologie-1024x682-1.jpg","contentUrl":"https:\/\/bobea.net\/wp-content\/uploads\/2024\/07\/lecologie-1024x682-1.jpg","width":1024,"height":682},{"@type":"BreadcrumbList","@id":"https:\/\/bobea.net\/index.php\/actualites\/#breadcrumb","itemListElement":[{"@type":"ListItem","position":1,"name":"Accueil","item":"https:\/\/bobea.net\/"},{"@type":"ListItem","position":2,"name":"Actualit\u00e9s"}]},{"@type":"WebSite","@id":"https:\/\/bobea.net\/#website","url":"https:\/\/bobea.net\/","name":"Bobea","description":"Le magazine de la nouvelle \u00c8ve","publisher":{"@id":"https:\/\/bobea.net\/#organization"},"potentialAction":[{"@type":"SearchAction","target":{"@type":"EntryPoint","urlTemplate":"https:\/\/bobea.net\/?s={search_term_string}"},"query-input":{"@type":"PropertyValueSpecification","valueRequired":true,"valueName":"search_term_string"}}],"inLanguage":"fr-FR"},{"@type":"Organization","@id":"https:\/\/bobea.net\/#organization","name":"Bobea","url":"https:\/\/bobea.net\/","logo":{"@type":"ImageObject","inLanguage":"fr-FR","@id":"https:\/\/bobea.net\/#\/schema\/logo\/image\/","url":"https:\/\/bobea.net\/wp-content\/uploads\/2024\/06\/bobea.jpg","contentUrl":"https:\/\/bobea.net\/wp-content\/uploads\/2024\/06\/bobea.jpg","width":1080,"height":1080,"caption":"Bobea"},"image":{"@id":"https:\/\/bobea.net\/#\/schema\/logo\/image\/"},"sameAs":["https:\/\/web.facebook.com\/profile.php?id=61559252188416"]}]}},"_links":{"self":[{"href":"https:\/\/bobea.net\/index.php\/wp-json\/wp\/v2\/pages\/2870"}],"collection":[{"href":"https:\/\/bobea.net\/index.php\/wp-json\/wp\/v2\/pages"}],"about":[{"href":"https:\/\/bobea.net\/index.php\/wp-json\/wp\/v2\/types\/page"}],"author":[{"embeddable":true,"href":"https:\/\/bobea.net\/index.php\/wp-json\/wp\/v2\/users\/1"}],"replies":[{"embeddable":true,"href":"https:\/\/bobea.net\/index.php\/wp-json\/wp\/v2\/comments?post=2870"}],"version-history":[{"count":0,"href":"https:\/\/bobea.net\/index.php\/wp-json\/wp\/v2\/pages\/2870\/revisions"}],"wp:featuredmedia":[{"embeddable":true,"href":"https:\/\/bobea.net\/index.php\/wp-json\/wp\/v2\/media\/3175"}],"wp:attachment":[{"href":"https:\/\/bobea.net\/index.php\/wp-json\/wp\/v2\/media?parent=2870"}],"curies":[{"name":"wp","href":"https:\/\/api.w.org\/{rel}","templated":true}]}}