{"id":2533,"date":"2024-06-22T01:46:32","date_gmt":"2024-06-22T01:46:32","guid":{"rendered":"https:\/\/bobea.net\/?page_id=2533"},"modified":"2024-06-29T20:22:02","modified_gmt":"2024-06-29T20:22:02","slug":"mariage","status":"publish","type":"page","link":"https:\/\/bobea.net\/index.php\/mariage\/","title":{"rendered":"Mariage"},"content":{"rendered":"\n<p class=\"has-cool-to-warm-spectrum-gradient-background has-background\" style=\"font-size:20px\">Pr\u00e9\u00adpar\u00ader son union idyllique<\/p>\n\n\n\n<p>De la recherche du lieu de r\u00eave aux incon\u00adtourn\u00adables prestataires en pas\u00adsant par l\u2019or\u00adgan\u00adi\u00adsa\u00adtion mil\u00adlim\u00e9tr\u00e9e, voici tous nos con\u00adseils avis\u00e9s pour pr\u00e9\u00adpar\u00ader sere\u00adine\u00adment les noces de vos r\u00eaves.<\/p>\n\n\n\n<p><strong>Dire \u201coui\u201d dans l\u2019\u00e9mer\u00adveille\u00adment<\/strong><\/p>\n\n\n\n<p>La\u00efque, religieuse ou sym\u00adbol\u00adique\u2026 Quelle que soit la forme choisie, la c\u00e9r\u00e9\u00admonie de mariage reste un moment d\u2019in\u00adtense \u00e9mo\u00adtion \u00e0 vivre pleine\u00adment. D\u00e9cou\u00advrez com\u00adment c\u00e9l\u00e9br\u00ader l\u2019u\u00adnion de vos vies dans la spir\u00adi\u00adtu\u00adal\u00adit\u00e9 et l\u2019\u00e9mer\u00adveille\u00adment.<\/p>\n\n\n\n<p><strong>F\u00eater l\u2019amour comme il se doit<\/strong><\/p>\n\n\n\n<p>Apr\u00e8s les v\u0153ux \u00e9chang\u00e9s, place \u00e0 la f\u00eate ! Nos inspi\u00adra\u00adtions d\u00e9co de r\u00eave, nos id\u00e9es menus gour\u00adman\u00addes et nos con\u00adseils pour une soir\u00e9e de mariage r\u00e9ussie, \u00e0 l\u2019im\u00adage de vos envies les plus folles.<\/p>\n\n\n\n<p>La rubrique \u201cMariages\u201d est con\u00adsacr\u00e9e \u00e0 l\u2019or\u00adgan\u00adi\u00adsa\u00adtion et \u00e0 la c\u00e9l\u00e9bra\u00adtion du mariage. Elle se com\u00adpose de trois chapitres :<\/p>\n\n\n\n<ol class=\"wp-block-list\">\n<li><strong>La pr\u00e9\u00adpa\u00adra\u00adtion du mariage<\/strong>&nbsp;: Ce chapitre cou\u00advre tous les aspects de la plan\u00adi\u00adfi\u00adca\u00adtion d\u2019un mariage, de la recherche du lieu \u00e0 la s\u00e9lec\u00adtion des prestataires (trai\u00adteur, pho\u00adtographe, DJ, etc.).<\/li>\n\n\n\n<li><strong>La c\u00e9r\u00e9\u00admonie de mariage<\/strong>&nbsp;: Ici, on explore les dif\u00adf\u00e9rents types de c\u00e9r\u00e9\u00admonies (civile, religieuse, la\u00efque), les tra\u00addi\u00adtions, les v\u0153ux et les rit\u00aduels.<\/li>\n\n\n\n<li><strong>La r\u00e9cep\u00adtion de mariage<\/strong>&nbsp;: Ce chapitre se con\u00adcen\u00adtre sur l\u2019or\u00adgan\u00adi\u00adsa\u00adtion de la r\u00e9cep\u00adtion, le choix du menu, de la d\u00e9co\u00adra\u00adtion, de la musique et des activ\u00adit\u00e9s pour les invit\u00e9s.<\/li>\n<\/ol>\n","protected":false},"excerpt":{"rendered":"<p>Pr\u00e9\u00adpar\u00ader son union idyllique De la recherche du lieu de r\u00eave aux incon\u00adtourn\u00adables prestataires en pas\u00adsant par l\u2019or\u00adgan\u00adi\u00adsa\u00adtion mil\u00adlim\u00e9tr\u00e9e, voici tous nos con\u00adseils avis\u00e9s pour pr\u00e9\u00adpar\u00ader sere\u00adine\u00adment les noces de\u2026 <\/p>\n","protected":false},"author":1,"featured_media":2743,"parent":0,"menu_order":0,"comment_status":"open","ping_status":"closed","template":"","meta":{"wp_typography_post_enhancements_disabled":false,"footnotes":""},"class_list":["post-2533","page","type-page","status-publish","has-post-thumbnail","hentry"],"yoast_head":"<!-- This site is optimized with the Yoast SEO plugin v24.7 - https:\/\/yoast.com\/wordpress\/plugins\/seo\/ -->\n<title>Mariage - Bobea<\/title>\n<meta name=\"robots\" content=\"index, follow, max-snippet:-1, max-image-preview:large, max-video-preview:-1\" \/>\n<link rel=\"canonical\" href=\"https:\/\/bobea.net\/index.php\/mariage\/\" \/>\n<meta property=\"og:locale\" content=\"fr_FR\" \/>\n<meta property=\"og:type\" content=\"article\" \/>\n<meta property=\"og:title\" content=\"Mariage - Bobea\" \/>\n<meta property=\"og:description\" content=\"Pr\u00e9\u00adpar\u00ader son union idyllique De la recherche du lieu de r\u00eave aux incon\u00adtourn\u00adables prestataires en pas\u00adsant par l\u2019or\u00adgan\u00adi\u00adsa\u00adtion mil\u00adlim\u00e9tr\u00e9e, voici tous nos con\u00adseils avis\u00e9s pour pr\u00e9\u00adpar\u00ader sere\u00adine\u00adment les noces de&hellip;\" \/>\n<meta property=\"og:url\" content=\"https:\/\/bobea.net\/index.php\/mariage\/\" \/>\n<meta property=\"og:site_name\" content=\"Bobea\" \/>\n<meta property=\"article:publisher\" content=\"https:\/\/web.facebook.com\/profile.php?id=61559252188416\" \/>\n<meta property=\"article:modified_time\" content=\"2024-06-29T20:22:02+00:00\" \/>\n<meta property=\"og:image\" content=\"https:\/\/bobea.net\/wp-content\/uploads\/2024\/06\/0cb41532-f95d-41ca-9a43-058703a8a2fa.jpg\" \/>\n\t<meta property=\"og:image:width\" content=\"960\" \/>\n\t<meta property=\"og:image:height\" content=\"640\" \/>\n\t<meta property=\"og:image:type\" content=\"image\/jpeg\" \/>\n<meta name=\"twitter:card\" content=\"summary_large_image\" \/>\n<meta name=\"twitter:label1\" content=\"Dur\u00e9e de lecture estim\u00e9e\" \/>\n\t<meta name=\"twitter:data1\" content=\"2 minutes\" \/>\n<script type=\"application\/ld+json\" class=\"yoast-schema-graph\">{\"@context\":\"https:\/\/schema.org\",\"@graph\":[{\"@type\":\"WebPage\",\"@id\":\"https:\/\/bobea.net\/index.php\/mariage\/\",\"url\":\"https:\/\/bobea.net\/index.php\/mariage\/\",\"name\":\"Mariage - Bobea\",\"isPartOf\":{\"@id\":\"https:\/\/bobea.net\/#website\"},\"primaryImageOfPage\":{\"@id\":\"https:\/\/bobea.net\/index.php\/mariage\/#primaryimage\"},\"image\":{\"@id\":\"https:\/\/bobea.net\/index.php\/mariage\/#primaryimage\"},\"thumbnailUrl\":\"https:\/\/bobea.net\/wp-content\/uploads\/2024\/06\/0cb41532-f95d-41ca-9a43-058703a8a2fa.jpg\",\"datePublished\":\"2024-06-22T01:46:32+00:00\",\"dateModified\":\"2024-06-29T20:22:02+00:00\",\"breadcrumb\":{\"@id\":\"https:\/\/bobea.net\/index.php\/mariage\/#breadcrumb\"},\"inLanguage\":\"fr-FR\",\"potentialAction\":[{\"@type\":\"ReadAction\",\"target\":[\"https:\/\/bobea.net\/index.php\/mariage\/\"]}]},{\"@type\":\"ImageObject\",\"inLanguage\":\"fr-FR\",\"@id\":\"https:\/\/bobea.net\/index.php\/mariage\/#primaryimage\",\"url\":\"https:\/\/bobea.net\/wp-content\/uploads\/2024\/06\/0cb41532-f95d-41ca-9a43-058703a8a2fa.jpg\",\"contentUrl\":\"https:\/\/bobea.net\/wp-content\/uploads\/2024\/06\/0cb41532-f95d-41ca-9a43-058703a8a2fa.jpg\",\"width\":960,\"height\":640},{\"@type\":\"BreadcrumbList\",\"@id\":\"https:\/\/bobea.net\/index.php\/mariage\/#breadcrumb\",\"itemListElement\":[{\"@type\":\"ListItem\",\"position\":1,\"name\":\"Accueil\",\"item\":\"https:\/\/bobea.net\/\"},{\"@type\":\"ListItem\",\"position\":2,\"name\":\"Mariage\"}]},{\"@type\":\"WebSite\",\"@id\":\"https:\/\/bobea.net\/#website\",\"url\":\"https:\/\/bobea.net\/\",\"name\":\"Bobea\",\"description\":\"Le magazine de la nouvelle \u00c8ve\",\"publisher\":{\"@id\":\"https:\/\/bobea.net\/#organization\"},\"potentialAction\":[{\"@type\":\"SearchAction\",\"target\":{\"@type\":\"EntryPoint\",\"urlTemplate\":\"https:\/\/bobea.net\/?s={search_term_string}\"},\"query-input\":{\"@type\":\"PropertyValueSpecification\",\"valueRequired\":true,\"valueName\":\"search_term_string\"}}],\"inLanguage\":\"fr-FR\"},{\"@type\":\"Organization\",\"@id\":\"https:\/\/bobea.net\/#organization\",\"name\":\"Bobea\",\"url\":\"https:\/\/bobea.net\/\",\"logo\":{\"@type\":\"ImageObject\",\"inLanguage\":\"fr-FR\",\"@id\":\"https:\/\/bobea.net\/#\/schema\/logo\/image\/\",\"url\":\"https:\/\/bobea.net\/wp-content\/uploads\/2024\/06\/bobea.jpg\",\"contentUrl\":\"https:\/\/bobea.net\/wp-content\/uploads\/2024\/06\/bobea.jpg\",\"width\":1080,\"height\":1080,\"caption\":\"Bobea\"},\"image\":{\"@id\":\"https:\/\/bobea.net\/#\/schema\/logo\/image\/\"},\"sameAs\":[\"https:\/\/web.facebook.com\/profile.php?id=61559252188416\"]}]}<\/script>\n<!-- \/ Yoast SEO plugin. -->","yoast_head_json":{"title":"Mariage - Bobea","robots":{"index":"index","follow":"follow","max-snippet":"max-snippet:-1","max-image-preview":"max-image-preview:large","max-video-preview":"max-video-preview:-1"},"canonical":"https:\/\/bobea.net\/index.php\/mariage\/","og_locale":"fr_FR","og_type":"article","og_title":"Mariage - Bobea","og_description":"Pr\u00e9\u00adpar\u00ader son union idyllique De la recherche du lieu de r\u00eave aux incon\u00adtourn\u00adables prestataires en pas\u00adsant par l\u2019or\u00adgan\u00adi\u00adsa\u00adtion mil\u00adlim\u00e9tr\u00e9e, voici tous nos con\u00adseils avis\u00e9s pour pr\u00e9\u00adpar\u00ader sere\u00adine\u00adment les noces de&hellip;","og_url":"https:\/\/bobea.net\/index.php\/mariage\/","og_site_name":"Bobea","article_publisher":"https:\/\/web.facebook.com\/profile.php?id=61559252188416","article_modified_time":"2024-06-29T20:22:02+00:00","og_image":[{"width":960,"height":640,"url":"https:\/\/bobea.net\/wp-content\/uploads\/2024\/06\/0cb41532-f95d-41ca-9a43-058703a8a2fa.jpg","type":"image\/jpeg"}],"twitter_card":"summary_large_image","twitter_misc":{"Dur\u00e9e de lecture estim\u00e9e":"2 minutes"},"schema":{"@context":"https:\/\/schema.org","@graph":[{"@type":"WebPage","@id":"https:\/\/bobea.net\/index.php\/mariage\/","url":"https:\/\/bobea.net\/index.php\/mariage\/","name":"Mariage - Bobea","isPartOf":{"@id":"https:\/\/bobea.net\/#website"},"primaryImageOfPage":{"@id":"https:\/\/bobea.net\/index.php\/mariage\/#primaryimage"},"image":{"@id":"https:\/\/bobea.net\/index.php\/mariage\/#primaryimage"},"thumbnailUrl":"https:\/\/bobea.net\/wp-content\/uploads\/2024\/06\/0cb41532-f95d-41ca-9a43-058703a8a2fa.jpg","datePublished":"2024-06-22T01:46:32+00:00","dateModified":"2024-06-29T20:22:02+00:00","breadcrumb":{"@id":"https:\/\/bobea.net\/index.php\/mariage\/#breadcrumb"},"inLanguage":"fr-FR","potentialAction":[{"@type":"ReadAction","target":["https:\/\/bobea.net\/index.php\/mariage\/"]}]},{"@type":"ImageObject","inLanguage":"fr-FR","@id":"https:\/\/bobea.net\/index.php\/mariage\/#primaryimage","url":"https:\/\/bobea.net\/wp-content\/uploads\/2024\/06\/0cb41532-f95d-41ca-9a43-058703a8a2fa.jpg","contentUrl":"https:\/\/bobea.net\/wp-content\/uploads\/2024\/06\/0cb41532-f95d-41ca-9a43-058703a8a2fa.jpg","width":960,"height":640},{"@type":"BreadcrumbList","@id":"https:\/\/bobea.net\/index.php\/mariage\/#breadcrumb","itemListElement":[{"@type":"ListItem","position":1,"name":"Accueil","item":"https:\/\/bobea.net\/"},{"@type":"ListItem","position":2,"name":"Mariage"}]},{"@type":"WebSite","@id":"https:\/\/bobea.net\/#website","url":"https:\/\/bobea.net\/","name":"Bobea","description":"Le magazine de la nouvelle \u00c8ve","publisher":{"@id":"https:\/\/bobea.net\/#organization"},"potentialAction":[{"@type":"SearchAction","target":{"@type":"EntryPoint","urlTemplate":"https:\/\/bobea.net\/?s={search_term_string}"},"query-input":{"@type":"PropertyValueSpecification","valueRequired":true,"valueName":"search_term_string"}}],"inLanguage":"fr-FR"},{"@type":"Organization","@id":"https:\/\/bobea.net\/#organization","name":"Bobea","url":"https:\/\/bobea.net\/","logo":{"@type":"ImageObject","inLanguage":"fr-FR","@id":"https:\/\/bobea.net\/#\/schema\/logo\/image\/","url":"https:\/\/bobea.net\/wp-content\/uploads\/2024\/06\/bobea.jpg","contentUrl":"https:\/\/bobea.net\/wp-content\/uploads\/2024\/06\/bobea.jpg","width":1080,"height":1080,"caption":"Bobea"},"image":{"@id":"https:\/\/bobea.net\/#\/schema\/logo\/image\/"},"sameAs":["https:\/\/web.facebook.com\/profile.php?id=61559252188416"]}]}},"_links":{"self":[{"href":"https:\/\/bobea.net\/index.php\/wp-json\/wp\/v2\/pages\/2533"}],"collection":[{"href":"https:\/\/bobea.net\/index.php\/wp-json\/wp\/v2\/pages"}],"about":[{"href":"https:\/\/bobea.net\/index.php\/wp-json\/wp\/v2\/types\/page"}],"author":[{"embeddable":true,"href":"https:\/\/bobea.net\/index.php\/wp-json\/wp\/v2\/users\/1"}],"replies":[{"embeddable":true,"href":"https:\/\/bobea.net\/index.php\/wp-json\/wp\/v2\/comments?post=2533"}],"version-history":[{"count":0,"href":"https:\/\/bobea.net\/index.php\/wp-json\/wp\/v2\/pages\/2533\/revisions"}],"wp:featuredmedia":[{"embeddable":true,"href":"https:\/\/bobea.net\/index.php\/wp-json\/wp\/v2\/media\/2743"}],"wp:attachment":[{"href":"https:\/\/bobea.net\/index.php\/wp-json\/wp\/v2\/media?parent=2533"}],"curies":[{"name":"wp","href":"https:\/\/api.w.org\/{rel}","templated":true}]}}