{"id":11027,"date":"2025-03-10T09:22:00","date_gmt":"2025-03-10T09:22:00","guid":{"rendered":"https:\/\/bobea.net\/?page_id=11027"},"modified":"2025-03-10T09:22:01","modified_gmt":"2025-03-10T09:22:01","slug":"bobea-tv","status":"publish","type":"page","link":"https:\/\/bobea.net\/index.php\/bobea-tv\/","title":{"rendered":"BOBEA TV"},"content":{"rendered":"\n<p>Cette plate\u00adforme unique est le miroir de vos pas\u00adsions, de vos go\u00fbts et de vos coups de c\u0153ur.<\/p>\n\n\n\n<ul class=\"wp-block-list\">\n<li><strong>Actu\u00adal\u00adit\u00e9s :<\/strong> Restez infor\u00adm\u00e9 des derniers \u00e9v\u00e9ne\u00adments et ten\u00addances.<\/li>\n\n\n\n<li><strong>Mode et mode :<\/strong> D\u00e9cou\u00advrez les derni\u00e8res col\u00adlec\u00adtions et les styles \u00e9mer\u00adgents.<\/li>\n\n\n\n<li><strong>\u00c9v\u00e9ne\u00adments en direct :<\/strong> vivez les fes\u00adti\u00advals et les \u00e9v\u00e9ne\u00adments comme si vous y \u00e9tiez.<\/li>\n\n\n\n<li><strong>Beau\u00adty Games :<\/strong> D\u00e9cou\u00advrez de nou\u00adveaux pro\u00adduits de beaut\u00e9 et par\u00adticipez \u00e0 des tests de pro\u00adduits en direct.<\/li>\n<\/ul>\n\n\n\n<h2 class=\"wp-block-heading\">Vid\u00e9os<\/h2>\n\n\n\n<script src=\"https:\/\/cdnjs.cloudflare.com\/ajax\/libs\/font-awesome\/6.4.2\/js\/all.min.js\" crossorigin=\"anonymous\"><\/script>\n<a href=\"https:\/\/bobea.net\/index.php\/fashion-week-africa-paris-2024\/\" class=\"btn\">\n  <i class=\"fa-solid fa-play\"><\/i> Fash\u00adion Week Africa\n<\/a>\n<style>\n.btn {\n  display: flex;\n  align-items: center;\n  justify-content: center;\n  background: linear-gradient(45deg, #d4145a, #fbb03b);\n  color: white;\n  border: none;\n  padding: 15px;\n  font-size: 20px;\n  font-weight: bold;\n  text-transform: uppercase;\n  border-radius: 5px;\n  cursor: pointer;\n  text-decoration: none;\n  transition: 0.3s;\n        }\n.btn i {\n  margin-right: 10px;\n  font-size: 20px;\n}\n.btn:hover {\n  transform: scale(1.01);\n  color: white;\n}\n\n.fa-play{\n  margin-right: 10px;\n}\n<\/style>\n\n\n\n<div style=\"height:25px\" aria-hidden=\"true\" class=\"wp-block-spacer\"><\/div>\n\n\n\n<script src=\"https:\/\/cdnjs.cloudflare.com\/ajax\/libs\/font-awesome\/6.4.2\/js\/all.min.js\" crossorigin=\"anonymous\"><\/script>\n<a href=\"https:\/\/bobea.net\/index.php\/defile-de-mode-paris-2024\/\" class=\"btn\">\n  <i class=\"fa-solid fa-play\"><\/i>D\u00e9fil\u00e9 de mode Paris 2024\n<\/a>\n\n\n\n<div style=\"height:25px\" aria-hidden=\"true\" class=\"wp-block-spacer\"><\/div>\n\n\n\n<script src=\"https:\/\/cdnjs.cloudflare.com\/ajax\/libs\/font-awesome\/6.4.2\/js\/all.min.js\" crossorigin=\"anonymous\"><\/script>\n<a href=\"https:\/\/bobea.net\/index.php\/musique-americas-got-talent\/\" class=\"btn\">\n  <i class=\"fa-solid fa-play\"><\/i>Musique Amer\u00adi\u00adca\u2019s  Got Tal\u00adent\n<\/a>\n\n\n\n<div style=\"height:25px\" aria-hidden=\"true\" class=\"wp-block-spacer\"><\/div>\n\n\n\n<script src=\"https:\/\/cdnjs.cloudflare.com\/ajax\/libs\/font-awesome\/6.4.2\/js\/all.min.js\" crossorigin=\"anonymous\"><\/script>\n<a href=\"https:\/\/bobea.net\/index.php\/etam-live-show-2023\/\" class=\"btn\">\n  <i class=\"fa-solid fa-play\"><\/i>Etam Live Show 2023\n<\/a>\n\n\n\n<div style=\"height:64px\" aria-hidden=\"true\" class=\"wp-block-spacer\"><\/div>\n\n\n\n<figure class=\"wp-block-gallery has-nested-images columns-default is-cropped wp-block-gallery-1 is-layout-flex wp-block-gallery-is-layout-flex\">\n<figure class=\"wp-block-image size-large\"><img loading=\"lazy\" decoding=\"async\" width=\"640\" height=\"448\" data-id=\"10867\" src=\"https:\/\/bobea.net\/wp-content\/uploads\/2025\/03\/La-verite-sur-les-relations-a-distance-et-leur-avenir.jpg\" alt class=\"wp-image-10867\" srcset=\"https:\/\/bobea.net\/wp-content\/uploads\/2025\/03\/La-verite-sur-les-relations-a-distance-et-leur-avenir.jpg 640w, https:\/\/bobea.net\/wp-content\/uploads\/2025\/03\/La-verite-sur-les-relations-a-distance-et-leur-avenir-300x210.jpg 300w\" sizes=\"(max-width: 640px) 100vw, 640px\"><\/figure>\n\n\n\n<figure class=\"wp-block-image size-large\"><img loading=\"lazy\" decoding=\"async\" width=\"976\" height=\"549\" data-id=\"10834\" src=\"https:\/\/bobea.net\/wp-content\/uploads\/2025\/03\/110793943_mediaitem110786405.jpg\" alt class=\"wp-image-10834\" srcset=\"https:\/\/bobea.net\/wp-content\/uploads\/2025\/03\/110793943_mediaitem110786405.jpg 976w, https:\/\/bobea.net\/wp-content\/uploads\/2025\/03\/110793943_mediaitem110786405-300x169.jpg 300w, https:\/\/bobea.net\/wp-content\/uploads\/2025\/03\/110793943_mediaitem110786405-768x432.jpg 768w\" sizes=\"(max-width: 976px) 100vw, 976px\"><\/figure>\n\n\n\n<figure class=\"wp-block-image size-large\"><img loading=\"lazy\" decoding=\"async\" width=\"1024\" height=\"768\" data-id=\"10807\" src=\"https:\/\/bobea.net\/wp-content\/uploads\/2025\/03\/TAPIS-ROUGE-BEST-3-1.jpeg\" alt class=\"wp-image-10807\" srcset=\"https:\/\/bobea.net\/wp-content\/uploads\/2025\/03\/TAPIS-ROUGE-BEST-3-1.jpeg 1024w, https:\/\/bobea.net\/wp-content\/uploads\/2025\/03\/TAPIS-ROUGE-BEST-3-1-300x225.jpeg 300w, https:\/\/bobea.net\/wp-content\/uploads\/2025\/03\/TAPIS-ROUGE-BEST-3-1-768x576.jpeg 768w\" sizes=\"(max-width: 1024px) 100vw, 1024px\"><\/figure>\n\n\n\n<figure class=\"wp-block-image size-large\"><img loading=\"lazy\" decoding=\"async\" width=\"1024\" height=\"640\" data-id=\"10789\" src=\"https:\/\/bobea.net\/wp-content\/uploads\/2025\/03\/Plateau-de-crudites.jpeg-1024x640.webp\" alt class=\"wp-image-10789\" srcset=\"https:\/\/bobea.net\/wp-content\/uploads\/2025\/03\/Plateau-de-crudites.jpeg-1024x640.webp 1024w, https:\/\/bobea.net\/wp-content\/uploads\/2025\/03\/Plateau-de-crudites.jpeg-300x188.webp 300w, https:\/\/bobea.net\/wp-content\/uploads\/2025\/03\/Plateau-de-crudites.jpeg-768x480.webp 768w, https:\/\/bobea.net\/wp-content\/uploads\/2025\/03\/Plateau-de-crudites.jpeg-1536x960.webp 1536w, https:\/\/bobea.net\/wp-content\/uploads\/2025\/03\/Plateau-de-crudites.jpeg.webp 2048w\" sizes=\"(max-width: 1024px) 100vw, 1024px\"><\/figure>\n\n\n\n<figure class=\"wp-block-image size-large\"><img loading=\"lazy\" decoding=\"async\" width=\"720\" height=\"405\" data-id=\"10782\" src=\"https:\/\/bobea.net\/wp-content\/uploads\/2025\/03\/medium_landscape_194654.jpg\" alt class=\"wp-image-10782\" srcset=\"https:\/\/bobea.net\/wp-content\/uploads\/2025\/03\/medium_landscape_194654.jpg 720w, https:\/\/bobea.net\/wp-content\/uploads\/2025\/03\/medium_landscape_194654-300x169.jpg 300w\" sizes=\"(max-width: 720px) 100vw, 720px\"><\/figure>\n\n\n\n<figure class=\"wp-block-image size-large\"><img loading=\"lazy\" decoding=\"async\" width=\"826\" height=\"551\" data-id=\"10760\" src=\"https:\/\/bobea.net\/wp-content\/uploads\/2025\/03\/mode.webp\" alt class=\"wp-image-10760\" srcset=\"https:\/\/bobea.net\/wp-content\/uploads\/2025\/03\/mode.webp 826w, https:\/\/bobea.net\/wp-content\/uploads\/2025\/03\/mode-300x200.webp 300w, https:\/\/bobea.net\/wp-content\/uploads\/2025\/03\/mode-768x512.webp 768w\" sizes=\"(max-width: 826px) 100vw, 826px\"><\/figure>\n\n\n\n<figure class=\"wp-block-image size-large\"><img loading=\"lazy\" decoding=\"async\" width=\"432\" height=\"243\" data-id=\"10732\" src=\"https:\/\/bobea.net\/wp-content\/uploads\/2025\/03\/000-369c4my-66ae9e495d8a1851296819.jpg\" alt=\"Les Jeux Olympiques de 2025 s'approchent, et l'athl\u00e8te fran\u00e7aise, Ana\u00efs Dupont\" class=\"wp-image-10732\" srcset=\"https:\/\/bobea.net\/wp-content\/uploads\/2025\/03\/000-369c4my-66ae9e495d8a1851296819.jpg 432w, https:\/\/bobea.net\/wp-content\/uploads\/2025\/03\/000-369c4my-66ae9e495d8a1851296819-300x169.jpg 300w\" sizes=\"(max-width: 432px) 100vw, 432px\"><\/figure>\n\n\n\n<figure class=\"wp-block-image size-large\"><img loading=\"lazy\" decoding=\"async\" width=\"1024\" height=\"585\" data-id=\"10747\" src=\"https:\/\/bobea.net\/wp-content\/uploads\/2025\/03\/1730519899_5-couleurs-tendance-incontournables-pour-le-printemps-ete-2025-1024x585.jpg\" alt class=\"wp-image-10747\" srcset=\"https:\/\/bobea.net\/wp-content\/uploads\/2025\/03\/1730519899_5-couleurs-tendance-incontournables-pour-le-printemps-ete-2025-1024x585.jpg 1024w, https:\/\/bobea.net\/wp-content\/uploads\/2025\/03\/1730519899_5-couleurs-tendance-incontournables-pour-le-printemps-ete-2025-300x171.jpg 300w, https:\/\/bobea.net\/wp-content\/uploads\/2025\/03\/1730519899_5-couleurs-tendance-incontournables-pour-le-printemps-ete-2025-768x439.jpg 768w, https:\/\/bobea.net\/wp-content\/uploads\/2025\/03\/1730519899_5-couleurs-tendance-incontournables-pour-le-printemps-ete-2025.jpg 1344w\" sizes=\"(max-width: 1024px) 100vw, 1024px\"><\/figure>\n\n\n\n<figure class=\"wp-block-image size-large\"><img loading=\"lazy\" decoding=\"async\" width=\"822\" height=\"430\" data-id=\"10634\" src=\"https:\/\/bobea.net\/wp-content\/uploads\/2025\/03\/beyonceirisvanherpen.jpg\" alt class=\"wp-image-10634\" srcset=\"https:\/\/bobea.net\/wp-content\/uploads\/2025\/03\/beyonceirisvanherpen.jpg 822w, https:\/\/bobea.net\/wp-content\/uploads\/2025\/03\/beyonceirisvanherpen-300x157.jpg 300w, https:\/\/bobea.net\/wp-content\/uploads\/2025\/03\/beyonceirisvanherpen-768x402.jpg 768w\" sizes=\"(max-width: 822px) 100vw, 822px\"><\/figure>\n<\/figure>\n","protected":false},"excerpt":{"rendered":"<p>Cette plate\u00adforme unique est le miroir de vos pas\u00adsions, de vos go\u00fbts et de vos coups de c\u0153ur. Vid\u00e9os Fash\u00adion Week Africa D\u00e9fil\u00e9 de mode Paris 2024 Musique Amer\u00adi\u00adca\u2019s Got\u2026 <\/p>\n","protected":false},"author":1,"featured_media":10953,"parent":0,"menu_order":0,"comment_status":"closed","ping_status":"closed","template":"","meta":{"wp_typography_post_enhancements_disabled":false,"footnotes":""},"class_list":["post-11027","page","type-page","status-publish","has-post-thumbnail","hentry"],"yoast_head":"<!-- This site is optimized with the Yoast SEO plugin v24.7 - https:\/\/yoast.com\/wordpress\/plugins\/seo\/ -->\n<title>BOBEA TV - Bobea<\/title>\n<meta name=\"robots\" content=\"index, follow, max-snippet:-1, max-image-preview:large, max-video-preview:-1\" \/>\n<link rel=\"canonical\" href=\"https:\/\/bobea.net\/index.php\/bobea-tv\/\" \/>\n<meta property=\"og:locale\" content=\"fr_FR\" \/>\n<meta property=\"og:type\" content=\"article\" \/>\n<meta property=\"og:title\" content=\"BOBEA TV - Bobea\" \/>\n<meta property=\"og:description\" content=\"Cette plate\u00adforme unique est le miroir de vos pas\u00adsions, de vos go\u00fbts et de vos coups de c\u0153ur. Vid\u00e9os Fash\u00adion Week Africa D\u00e9fil\u00e9 de mode Paris 2024 Musique Amer\u00adi\u00adca\u2019s Got&hellip;\" \/>\n<meta property=\"og:url\" content=\"https:\/\/bobea.net\/index.php\/bobea-tv\/\" \/>\n<meta property=\"og:site_name\" content=\"Bobea\" \/>\n<meta property=\"article:publisher\" content=\"https:\/\/web.facebook.com\/profile.php?id=61559252188416\" \/>\n<meta property=\"article:modified_time\" content=\"2025-03-10T09:22:01+00:00\" \/>\n<meta property=\"og:image\" content=\"https:\/\/bobea.net\/wp-content\/uploads\/2025\/03\/BOBEA-LIVE-CHANNEL3.png\" \/>\n\t<meta property=\"og:image:width\" content=\"512\" \/>\n\t<meta property=\"og:image:height\" content=\"512\" \/>\n\t<meta property=\"og:image:type\" content=\"image\/png\" \/>\n<meta name=\"twitter:card\" content=\"summary_large_image\" \/>\n<meta name=\"twitter:label1\" content=\"Dur\u00e9e de lecture estim\u00e9e\" \/>\n\t<meta name=\"twitter:data1\" content=\"3 minutes\" \/>\n<script type=\"application\/ld+json\" class=\"yoast-schema-graph\">{\"@context\":\"https:\/\/schema.org\",\"@graph\":[{\"@type\":\"WebPage\",\"@id\":\"https:\/\/bobea.net\/index.php\/bobea-tv\/\",\"url\":\"https:\/\/bobea.net\/index.php\/bobea-tv\/\",\"name\":\"BOBEA TV - Bobea\",\"isPartOf\":{\"@id\":\"https:\/\/bobea.net\/#website\"},\"primaryImageOfPage\":{\"@id\":\"https:\/\/bobea.net\/index.php\/bobea-tv\/#primaryimage\"},\"image\":{\"@id\":\"https:\/\/bobea.net\/index.php\/bobea-tv\/#primaryimage\"},\"thumbnailUrl\":\"https:\/\/bobea.net\/wp-content\/uploads\/2025\/03\/BOBEA-LIVE-CHANNEL3.png\",\"datePublished\":\"2025-03-10T09:22:00+00:00\",\"dateModified\":\"2025-03-10T09:22:01+00:00\",\"breadcrumb\":{\"@id\":\"https:\/\/bobea.net\/index.php\/bobea-tv\/#breadcrumb\"},\"inLanguage\":\"fr-FR\",\"potentialAction\":[{\"@type\":\"ReadAction\",\"target\":[\"https:\/\/bobea.net\/index.php\/bobea-tv\/\"]}]},{\"@type\":\"ImageObject\",\"inLanguage\":\"fr-FR\",\"@id\":\"https:\/\/bobea.net\/index.php\/bobea-tv\/#primaryimage\",\"url\":\"https:\/\/bobea.net\/wp-content\/uploads\/2025\/03\/BOBEA-LIVE-CHANNEL3.png\",\"contentUrl\":\"https:\/\/bobea.net\/wp-content\/uploads\/2025\/03\/BOBEA-LIVE-CHANNEL3.png\",\"width\":512,\"height\":512},{\"@type\":\"BreadcrumbList\",\"@id\":\"https:\/\/bobea.net\/index.php\/bobea-tv\/#breadcrumb\",\"itemListElement\":[{\"@type\":\"ListItem\",\"position\":1,\"name\":\"Accueil\",\"item\":\"https:\/\/bobea.net\/\"},{\"@type\":\"ListItem\",\"position\":2,\"name\":\"BOBEA TV\"}]},{\"@type\":\"WebSite\",\"@id\":\"https:\/\/bobea.net\/#website\",\"url\":\"https:\/\/bobea.net\/\",\"name\":\"Bobea\",\"description\":\"Le magazine de la nouvelle \u00c8ve\",\"publisher\":{\"@id\":\"https:\/\/bobea.net\/#organization\"},\"potentialAction\":[{\"@type\":\"SearchAction\",\"target\":{\"@type\":\"EntryPoint\",\"urlTemplate\":\"https:\/\/bobea.net\/?s={search_term_string}\"},\"query-input\":{\"@type\":\"PropertyValueSpecification\",\"valueRequired\":true,\"valueName\":\"search_term_string\"}}],\"inLanguage\":\"fr-FR\"},{\"@type\":\"Organization\",\"@id\":\"https:\/\/bobea.net\/#organization\",\"name\":\"Bobea\",\"url\":\"https:\/\/bobea.net\/\",\"logo\":{\"@type\":\"ImageObject\",\"inLanguage\":\"fr-FR\",\"@id\":\"https:\/\/bobea.net\/#\/schema\/logo\/image\/\",\"url\":\"https:\/\/bobea.net\/wp-content\/uploads\/2024\/06\/bobea.jpg\",\"contentUrl\":\"https:\/\/bobea.net\/wp-content\/uploads\/2024\/06\/bobea.jpg\",\"width\":1080,\"height\":1080,\"caption\":\"Bobea\"},\"image\":{\"@id\":\"https:\/\/bobea.net\/#\/schema\/logo\/image\/\"},\"sameAs\":[\"https:\/\/web.facebook.com\/profile.php?id=61559252188416\"]}]}<\/script>\n<!-- \/ Yoast SEO plugin. -->","yoast_head_json":{"title":"BOBEA TV - Bobea","robots":{"index":"index","follow":"follow","max-snippet":"max-snippet:-1","max-image-preview":"max-image-preview:large","max-video-preview":"max-video-preview:-1"},"canonical":"https:\/\/bobea.net\/index.php\/bobea-tv\/","og_locale":"fr_FR","og_type":"article","og_title":"BOBEA TV - Bobea","og_description":"Cette plate\u00adforme unique est le miroir de vos pas\u00adsions, de vos go\u00fbts et de vos coups de c\u0153ur. Vid\u00e9os Fash\u00adion Week Africa D\u00e9fil\u00e9 de mode Paris 2024 Musique Amer\u00adi\u00adca\u2019s Got&hellip;","og_url":"https:\/\/bobea.net\/index.php\/bobea-tv\/","og_site_name":"Bobea","article_publisher":"https:\/\/web.facebook.com\/profile.php?id=61559252188416","article_modified_time":"2025-03-10T09:22:01+00:00","og_image":[{"width":512,"height":512,"url":"https:\/\/bobea.net\/wp-content\/uploads\/2025\/03\/BOBEA-LIVE-CHANNEL3.png","type":"image\/png"}],"twitter_card":"summary_large_image","twitter_misc":{"Dur\u00e9e de lecture estim\u00e9e":"3 minutes"},"schema":{"@context":"https:\/\/schema.org","@graph":[{"@type":"WebPage","@id":"https:\/\/bobea.net\/index.php\/bobea-tv\/","url":"https:\/\/bobea.net\/index.php\/bobea-tv\/","name":"BOBEA TV - Bobea","isPartOf":{"@id":"https:\/\/bobea.net\/#website"},"primaryImageOfPage":{"@id":"https:\/\/bobea.net\/index.php\/bobea-tv\/#primaryimage"},"image":{"@id":"https:\/\/bobea.net\/index.php\/bobea-tv\/#primaryimage"},"thumbnailUrl":"https:\/\/bobea.net\/wp-content\/uploads\/2025\/03\/BOBEA-LIVE-CHANNEL3.png","datePublished":"2025-03-10T09:22:00+00:00","dateModified":"2025-03-10T09:22:01+00:00","breadcrumb":{"@id":"https:\/\/bobea.net\/index.php\/bobea-tv\/#breadcrumb"},"inLanguage":"fr-FR","potentialAction":[{"@type":"ReadAction","target":["https:\/\/bobea.net\/index.php\/bobea-tv\/"]}]},{"@type":"ImageObject","inLanguage":"fr-FR","@id":"https:\/\/bobea.net\/index.php\/bobea-tv\/#primaryimage","url":"https:\/\/bobea.net\/wp-content\/uploads\/2025\/03\/BOBEA-LIVE-CHANNEL3.png","contentUrl":"https:\/\/bobea.net\/wp-content\/uploads\/2025\/03\/BOBEA-LIVE-CHANNEL3.png","width":512,"height":512},{"@type":"BreadcrumbList","@id":"https:\/\/bobea.net\/index.php\/bobea-tv\/#breadcrumb","itemListElement":[{"@type":"ListItem","position":1,"name":"Accueil","item":"https:\/\/bobea.net\/"},{"@type":"ListItem","position":2,"name":"BOBEA TV"}]},{"@type":"WebSite","@id":"https:\/\/bobea.net\/#website","url":"https:\/\/bobea.net\/","name":"Bobea","description":"Le magazine de la nouvelle \u00c8ve","publisher":{"@id":"https:\/\/bobea.net\/#organization"},"potentialAction":[{"@type":"SearchAction","target":{"@type":"EntryPoint","urlTemplate":"https:\/\/bobea.net\/?s={search_term_string}"},"query-input":{"@type":"PropertyValueSpecification","valueRequired":true,"valueName":"search_term_string"}}],"inLanguage":"fr-FR"},{"@type":"Organization","@id":"https:\/\/bobea.net\/#organization","name":"Bobea","url":"https:\/\/bobea.net\/","logo":{"@type":"ImageObject","inLanguage":"fr-FR","@id":"https:\/\/bobea.net\/#\/schema\/logo\/image\/","url":"https:\/\/bobea.net\/wp-content\/uploads\/2024\/06\/bobea.jpg","contentUrl":"https:\/\/bobea.net\/wp-content\/uploads\/2024\/06\/bobea.jpg","width":1080,"height":1080,"caption":"Bobea"},"image":{"@id":"https:\/\/bobea.net\/#\/schema\/logo\/image\/"},"sameAs":["https:\/\/web.facebook.com\/profile.php?id=61559252188416"]}]}},"_links":{"self":[{"href":"https:\/\/bobea.net\/index.php\/wp-json\/wp\/v2\/pages\/11027"}],"collection":[{"href":"https:\/\/bobea.net\/index.php\/wp-json\/wp\/v2\/pages"}],"about":[{"href":"https:\/\/bobea.net\/index.php\/wp-json\/wp\/v2\/types\/page"}],"author":[{"embeddable":true,"href":"https:\/\/bobea.net\/index.php\/wp-json\/wp\/v2\/users\/1"}],"replies":[{"embeddable":true,"href":"https:\/\/bobea.net\/index.php\/wp-json\/wp\/v2\/comments?post=11027"}],"version-history":[{"count":1,"href":"https:\/\/bobea.net\/index.php\/wp-json\/wp\/v2\/pages\/11027\/revisions"}],"predecessor-version":[{"id":11028,"href":"https:\/\/bobea.net\/index.php\/wp-json\/wp\/v2\/pages\/11027\/revisions\/11028"}],"wp:featuredmedia":[{"embeddable":true,"href":"https:\/\/bobea.net\/index.php\/wp-json\/wp\/v2\/media\/10953"}],"wp:attachment":[{"href":"https:\/\/bobea.net\/index.php\/wp-json\/wp\/v2\/media?parent=11027"}],"curies":[{"name":"wp","href":"https:\/\/api.w.org\/{rel}","templated":true}]}}